{"id":1504,"date":"2023-04-13T12:51:45","date_gmt":"2023-04-13T11:51:45","guid":{"rendered":"https:\/\/oystersexperience.pt\/distribuicao\/"},"modified":"2023-06-02T16:30:29","modified_gmt":"2023-06-02T15:30:29","slug":"distribution","status":"publish","type":"page","link":"https:\/\/oystersexperience.pt\/fr\/distribution\/","title":{"rendered":"Distribution"},"content":{"rendered":"<div class=\"wpb-content-wrapper\"><p>[vc_row conditional_render=\u00a0\u00bb%5B%7B%22value_role%22%3A%22administrator%22%7D%5D\u00a0\u00bb][vc_column conditional_render=\u00a0\u00bb%5B%7B%22value_role%22%3A%22administrator%22%7D%5D\u00a0\u00bb]<div class=\"porto-gallery has-ccols ccols-1 has-ccols-spacing ccols-sm-2 ccols-md-3 wpb_custom_20fbab5f9e3e693df3c63529c05ed821 porto-carousel owl-carousel nav-pos-inside nav-style-1 align-items-start porto-ig-overlay\" data-plugin-options=\"{&quot;autoplay&quot;:true,&quot;autoplayHoverPause&quot;:true,&quot;autoplayTimeout&quot;:5000,&quot;items&quot;:3,&quot;xl&quot;:3,&quot;lg&quot;:3,&quot;md&quot;:3,&quot;sm&quot;:2,&quot;xs&quot;:1,&quot;nav&quot;:true,&quot;dots&quot;:false,&quot;margin&quot;:15}\"><figure><img decoding=\"async\" width=\"558\" height=\"468\" src=\"https:\/\/oystersexperience.pt\/wp-content\/uploads\/2023\/04\/oysters-experience-distribuicao-01.jpg\" class=\"attachment-full size-full\" alt=\"\" srcset=\"https:\/\/oystersexperience.pt\/wp-content\/uploads\/2023\/04\/oysters-experience-distribuicao-01.jpg 558w, https:\/\/oystersexperience.pt\/wp-content\/uploads\/2023\/04\/oysters-experience-distribuicao-01-400x335.jpg 400w, https:\/\/oystersexperience.pt\/wp-content\/uploads\/2023\/04\/oysters-experience-distribuicao-01-367x308.jpg 367w\" sizes=\"(max-width: 558px) 100vw, 558px\" \/><\/figure><figure><img decoding=\"async\" width=\"558\" height=\"468\" src=\"https:\/\/oystersexperience.pt\/wp-content\/uploads\/2023\/04\/oysters-experience-distribuicao-02.jpg\" class=\"attachment-full size-full\" alt=\"\" srcset=\"https:\/\/oystersexperience.pt\/wp-content\/uploads\/2023\/04\/oysters-experience-distribuicao-02.jpg 558w, https:\/\/oystersexperience.pt\/wp-content\/uploads\/2023\/04\/oysters-experience-distribuicao-02-400x335.jpg 400w, https:\/\/oystersexperience.pt\/wp-content\/uploads\/2023\/04\/oysters-experience-distribuicao-02-367x308.jpg 367w\" sizes=\"(max-width: 558px) 100vw, 558px\" \/><\/figure><figure><img decoding=\"async\" width=\"558\" height=\"468\" src=\"https:\/\/oystersexperience.pt\/wp-content\/uploads\/2023\/04\/oysters-experience-distribuicao-03.jpg\" class=\"attachment-full size-full\" alt=\"\" srcset=\"https:\/\/oystersexperience.pt\/wp-content\/uploads\/2023\/04\/oysters-experience-distribuicao-03.jpg 558w, https:\/\/oystersexperience.pt\/wp-content\/uploads\/2023\/04\/oysters-experience-distribuicao-03-400x335.jpg 400w, https:\/\/oystersexperience.pt\/wp-content\/uploads\/2023\/04\/oysters-experience-distribuicao-03-367x308.jpg 367w\" sizes=\"(max-width: 558px) 100vw, 558px\" \/><\/figure><figure><img decoding=\"async\" width=\"558\" height=\"468\" src=\"https:\/\/oystersexperience.pt\/wp-content\/uploads\/2023\/04\/oysters-experience-distribuicao-04.jpg\" class=\"attachment-full size-full\" alt=\"\" srcset=\"https:\/\/oystersexperience.pt\/wp-content\/uploads\/2023\/04\/oysters-experience-distribuicao-04.jpg 558w, https:\/\/oystersexperience.pt\/wp-content\/uploads\/2023\/04\/oysters-experience-distribuicao-04-400x335.jpg 400w, https:\/\/oystersexperience.pt\/wp-content\/uploads\/2023\/04\/oysters-experience-distribuicao-04-367x308.jpg 367w\" sizes=\"(max-width: 558px) 100vw, 558px\" \/><\/figure><\/div>[\/vc_column][\/vc_row][vc_row css=\u00a0\u00bb.vc_custom_1681384889365{margin-top: 25px !important;margin-bottom: 50px !important;}\u00a0\u00bb conditional_render=\u00a0\u00bb%5B%7B%22value_role%22%3A%22administrator%22%7D%5D\u00a0\u00bb][vc_column offset=\u00a0\u00bbvc_col-xl-offset-2 vc_col-xl-8 vc_col-lg-offset-1 vc_col-lg-10&Prime; conditional_render=\u00a0\u00bb%5B%7B%22value_role%22%3A%22administrator%22%7D%5D\u00a0\u00bb]<div class=\"porto-u-heading  wpb_custom_55101702de0aeafe3a9ae0c04b84d614 porto-u-9679\"><div class=\"porto-u-main-heading\"><h2   style=\"color:#777777;\">Distribution<\/h2><\/div><div class=\"porto-u-sub-heading\" style=\"\">\n<h1>Si vous voulez des hu\u00eetres joyeuses, <strong>vous pouvez compter sur notre \u00e9quipe de distribution<\/strong><\/h1>\n<p><\/div><style>.porto-u-9679.porto-u-heading{text-align:center}<\/style><\/div>[vc_column_text]<\/p>\n<p style=\"text-align: center;\">Parce que nous pensons que tout le monde m\u00e9rite de go\u00fbter nos joyeuses hu\u00eetres, nous garantissons leur distribution aux restaurants de toute la r\u00e9gion de l&rsquo;Algarve, mais aussi au reste du pays (sur demande).<\/p>\n<p style=\"text-align: center;\"><strong>Elles seront toujours livr\u00e9es fra\u00eeches pour que vos clients puissent profiter au maximum de la saveur de la mer.<\/strong><\/p>\n<p>[\/vc_column_text]<div class=\"porto-btn-ctn-center \"><a class=\"porto-btn porto-adjust-bottom-margin porto-btn-normal porto-btn-no-hover-bg   wpb_custom_b2eff572b8140cae3bf0edd6a06638b2  porto-btn-center \"  rel='' href = \"mailto:geral@oystersexperience.pt\"  data-hover=\"\" data-border-color=\"\" data-bg=\"#0a0a0a\" data-hover-bg=\"\" data-border-hover=\"\" data-shadow-click=\"none\" data-shadow=\"\" style=\"border:none;background: #0a0a0a;color: #ffffff;\"><span class=\"porto-btn-hover\"><\/span><span class=\"porto-btn-data porto-btn-text \" >DEMANDEZ-NOUS UN DEVIS<\/span><\/a><\/div>[\/vc_column][\/vc_row]<\/p>\n<\/div>","protected":false},"excerpt":{"rendered":"<p>[vc_row conditional_render=\u00a0\u00bb%5B%7B%22value_role%22%3A%22administrator%22%7D%5D\u00a0\u00bb][vc_column conditional_render=\u00a0\u00bb%5B%7B%22value_role%22%3A%22administrator%22%7D%5D\u00a0\u00bb][\/vc_column][\/vc_row][vc_row css=\u00a0\u00bb.vc_custom_1681384889365{margin-top: 25px !important;margin-bottom: 50px !important;}\u00a0\u00bb conditional_render=\u00a0\u00bb%5B%7B%22value_role%22%3A%22administrator%22%7D%5D\u00a0\u00bb][vc_column offset=\u00a0\u00bbvc_col-xl-offset-2 vc_col-xl-8 vc_col-lg-offset-1 vc_col-lg-10&Prime; conditional_render=\u00a0\u00bb%5B%7B%22value_role%22%3A%22administrator%22%7D%5D\u00a0\u00bb][vc_column_text] Parce que nous pensons que tout le monde m\u00e9rite de go\u00fbter nos joyeuses hu\u00eetres, nous garantissons leur distribution aux restaurants de toute la r\u00e9gion de l&rsquo;Algarve, mais aussi au reste du pays (sur demande). Elles seront toujours livr\u00e9es fra\u00eeches pour que [&hellip;]<\/p>\n","protected":false},"author":1,"featured_media":0,"parent":0,"menu_order":0,"comment_status":"closed","ping_status":"closed","template":"","meta":{"footnotes":""},"class_list":["post-1504","page","type-page","status-publish","hentry"],"yoast_head":"<!-- This site is optimized with the Yoast SEO plugin v26.2 - https:\/\/yoast.com\/wordpress\/plugins\/seo\/ -->\n<title>Distribution - Oysters Experience<\/title>\n<meta name=\"robots\" content=\"index, follow, max-snippet:-1, max-image-preview:large, max-video-preview:-1\" \/>\n<link rel=\"canonical\" href=\"https:\/\/oystersexperience.pt\/distribuicao\/\" \/>\n<meta property=\"og:locale\" content=\"fr_FR\" \/>\n<meta property=\"og:type\" content=\"article\" \/>\n<meta property=\"og:title\" content=\"Distribution - Oysters Experience\" \/>\n<meta property=\"og:description\" content=\"[vc_row conditional_render=\u00a0\u00bb%5B%7B%22value_role%22%3A%22administrator%22%7D%5D\u00a0\u00bb][vc_column conditional_render=\u00a0\u00bb%5B%7B%22value_role%22%3A%22administrator%22%7D%5D\u00a0\u00bb][\/vc_column][\/vc_row][vc_row css=\u00a0\u00bb.vc_custom_1681384889365{margin-top: 25px !important;margin-bottom: 50px !important;}\u00a0\u00bb conditional_render=\u00a0\u00bb%5B%7B%22value_role%22%3A%22administrator%22%7D%5D\u00a0\u00bb][vc_column offset=\u00a0\u00bbvc_col-xl-offset-2 vc_col-xl-8 vc_col-lg-offset-1 vc_col-lg-10&Prime; conditional_render=\u00a0\u00bb%5B%7B%22value_role%22%3A%22administrator%22%7D%5D\u00a0\u00bb][vc_column_text] Parce que nous pensons que tout le monde m\u00e9rite de go\u00fbter nos joyeuses hu\u00eetres, nous garantissons leur distribution aux restaurants de toute la r\u00e9gion de l&rsquo;Algarve, mais aussi au reste du pays (sur demande). Elles seront toujours livr\u00e9es fra\u00eeches pour que [&hellip;]\" \/>\n<meta property=\"og:url\" content=\"https:\/\/oystersexperience.pt\/distribuicao\/\" \/>\n<meta property=\"og:site_name\" content=\"Oysters Experience\" \/>\n<meta property=\"article:publisher\" content=\"https:\/\/www.facebook.com\/OystersExperience\" \/>\n<meta property=\"article:modified_time\" content=\"2023-06-02T15:30:29+00:00\" \/>\n<meta name=\"twitter:card\" content=\"summary_large_image\" \/>\n<meta name=\"twitter:label1\" content=\"Dur\u00e9e de lecture estim\u00e9e\" \/>\n\t<meta name=\"twitter:data1\" content=\"1 minute\" \/>\n<script type=\"application\/ld+json\" class=\"yoast-schema-graph\">{\"@context\":\"https:\/\/schema.org\",\"@graph\":[{\"@type\":\"WebPage\",\"@id\":\"https:\/\/oystersexperience.pt\/distribuicao\/\",\"url\":\"https:\/\/oystersexperience.pt\/distribuicao\/\",\"name\":\"Distribution - Oysters Experience\",\"isPartOf\":{\"@id\":\"https:\/\/oystersexperience.pt\/#website\"},\"datePublished\":\"2023-04-13T11:51:45+00:00\",\"dateModified\":\"2023-06-02T15:30:29+00:00\",\"breadcrumb\":{\"@id\":\"https:\/\/oystersexperience.pt\/distribuicao\/#breadcrumb\"},\"inLanguage\":\"fr-FR\",\"potentialAction\":[{\"@type\":\"ReadAction\",\"target\":[\"https:\/\/oystersexperience.pt\/distribuicao\/\"]}]},{\"@type\":\"BreadcrumbList\",\"@id\":\"https:\/\/oystersexperience.pt\/distribuicao\/#breadcrumb\",\"itemListElement\":[{\"@type\":\"ListItem\",\"position\":1,\"name\":\"In\u00edcio\",\"item\":\"https:\/\/oystersexperience.pt\/fr\/\"},{\"@type\":\"ListItem\",\"position\":2,\"name\":\"Distribution\"}]},{\"@type\":\"WebSite\",\"@id\":\"https:\/\/oystersexperience.pt\/#website\",\"url\":\"https:\/\/oystersexperience.pt\/\",\"name\":\"Oysters Experience\",\"description\":\"Somos produtores de Ostras Felizes\",\"publisher\":{\"@id\":\"https:\/\/oystersexperience.pt\/#organization\"},\"potentialAction\":[{\"@type\":\"SearchAction\",\"target\":{\"@type\":\"EntryPoint\",\"urlTemplate\":\"https:\/\/oystersexperience.pt\/?s={search_term_string}\"},\"query-input\":{\"@type\":\"PropertyValueSpecification\",\"valueRequired\":true,\"valueName\":\"search_term_string\"}}],\"inLanguage\":\"fr-FR\"},{\"@type\":\"Organization\",\"@id\":\"https:\/\/oystersexperience.pt\/#organization\",\"name\":\"Oysters Experience\",\"url\":\"https:\/\/oystersexperience.pt\/\",\"logo\":{\"@type\":\"ImageObject\",\"inLanguage\":\"fr-FR\",\"@id\":\"https:\/\/oystersexperience.pt\/#\/schema\/logo\/image\/\",\"url\":\"https:\/\/oystersexperience.pt\/wp-content\/uploads\/2022\/04\/logo-maintenance.png\",\"contentUrl\":\"https:\/\/oystersexperience.pt\/wp-content\/uploads\/2022\/04\/logo-maintenance.png\",\"width\":401,\"height\":208,\"caption\":\"Oysters Experience\"},\"image\":{\"@id\":\"https:\/\/oystersexperience.pt\/#\/schema\/logo\/image\/\"},\"sameAs\":[\"https:\/\/www.facebook.com\/OystersExperience\",\"https:\/\/www.instagram.com\/oysters.experience\/\"]}]}<\/script>\n<!-- \/ Yoast SEO plugin. -->","yoast_head_json":{"title":"Distribution - Oysters Experience","robots":{"index":"index","follow":"follow","max-snippet":"max-snippet:-1","max-image-preview":"max-image-preview:large","max-video-preview":"max-video-preview:-1"},"canonical":"https:\/\/oystersexperience.pt\/distribuicao\/","og_locale":"fr_FR","og_type":"article","og_title":"Distribution - Oysters Experience","og_description":"[vc_row conditional_render=\u00a0\u00bb%5B%7B%22value_role%22%3A%22administrator%22%7D%5D\u00a0\u00bb][vc_column conditional_render=\u00a0\u00bb%5B%7B%22value_role%22%3A%22administrator%22%7D%5D\u00a0\u00bb][\/vc_column][\/vc_row][vc_row css=\u00a0\u00bb.vc_custom_1681384889365{margin-top: 25px !important;margin-bottom: 50px !important;}\u00a0\u00bb conditional_render=\u00a0\u00bb%5B%7B%22value_role%22%3A%22administrator%22%7D%5D\u00a0\u00bb][vc_column offset=\u00a0\u00bbvc_col-xl-offset-2 vc_col-xl-8 vc_col-lg-offset-1 vc_col-lg-10&Prime; conditional_render=\u00a0\u00bb%5B%7B%22value_role%22%3A%22administrator%22%7D%5D\u00a0\u00bb][vc_column_text] Parce que nous pensons que tout le monde m\u00e9rite de go\u00fbter nos joyeuses hu\u00eetres, nous garantissons leur distribution aux restaurants de toute la r\u00e9gion de l&rsquo;Algarve, mais aussi au reste du pays (sur demande). Elles seront toujours livr\u00e9es fra\u00eeches pour que [&hellip;]","og_url":"https:\/\/oystersexperience.pt\/distribuicao\/","og_site_name":"Oysters Experience","article_publisher":"https:\/\/www.facebook.com\/OystersExperience","article_modified_time":"2023-06-02T15:30:29+00:00","twitter_card":"summary_large_image","twitter_misc":{"Dur\u00e9e de lecture estim\u00e9e":"1 minute"},"schema":{"@context":"https:\/\/schema.org","@graph":[{"@type":"WebPage","@id":"https:\/\/oystersexperience.pt\/distribuicao\/","url":"https:\/\/oystersexperience.pt\/distribuicao\/","name":"Distribution - Oysters Experience","isPartOf":{"@id":"https:\/\/oystersexperience.pt\/#website"},"datePublished":"2023-04-13T11:51:45+00:00","dateModified":"2023-06-02T15:30:29+00:00","breadcrumb":{"@id":"https:\/\/oystersexperience.pt\/distribuicao\/#breadcrumb"},"inLanguage":"fr-FR","potentialAction":[{"@type":"ReadAction","target":["https:\/\/oystersexperience.pt\/distribuicao\/"]}]},{"@type":"BreadcrumbList","@id":"https:\/\/oystersexperience.pt\/distribuicao\/#breadcrumb","itemListElement":[{"@type":"ListItem","position":1,"name":"In\u00edcio","item":"https:\/\/oystersexperience.pt\/fr\/"},{"@type":"ListItem","position":2,"name":"Distribution"}]},{"@type":"WebSite","@id":"https:\/\/oystersexperience.pt\/#website","url":"https:\/\/oystersexperience.pt\/","name":"Oysters Experience","description":"Somos produtores de Ostras Felizes","publisher":{"@id":"https:\/\/oystersexperience.pt\/#organization"},"potentialAction":[{"@type":"SearchAction","target":{"@type":"EntryPoint","urlTemplate":"https:\/\/oystersexperience.pt\/?s={search_term_string}"},"query-input":{"@type":"PropertyValueSpecification","valueRequired":true,"valueName":"search_term_string"}}],"inLanguage":"fr-FR"},{"@type":"Organization","@id":"https:\/\/oystersexperience.pt\/#organization","name":"Oysters Experience","url":"https:\/\/oystersexperience.pt\/","logo":{"@type":"ImageObject","inLanguage":"fr-FR","@id":"https:\/\/oystersexperience.pt\/#\/schema\/logo\/image\/","url":"https:\/\/oystersexperience.pt\/wp-content\/uploads\/2022\/04\/logo-maintenance.png","contentUrl":"https:\/\/oystersexperience.pt\/wp-content\/uploads\/2022\/04\/logo-maintenance.png","width":401,"height":208,"caption":"Oysters Experience"},"image":{"@id":"https:\/\/oystersexperience.pt\/#\/schema\/logo\/image\/"},"sameAs":["https:\/\/www.facebook.com\/OystersExperience","https:\/\/www.instagram.com\/oysters.experience\/"]}]}},"_links":{"self":[{"href":"https:\/\/oystersexperience.pt\/fr\/wp-json\/wp\/v2\/pages\/1504","targetHints":{"allow":["GET"]}}],"collection":[{"href":"https:\/\/oystersexperience.pt\/fr\/wp-json\/wp\/v2\/pages"}],"about":[{"href":"https:\/\/oystersexperience.pt\/fr\/wp-json\/wp\/v2\/types\/page"}],"author":[{"embeddable":true,"href":"https:\/\/oystersexperience.pt\/fr\/wp-json\/wp\/v2\/users\/1"}],"replies":[{"embeddable":true,"href":"https:\/\/oystersexperience.pt\/fr\/wp-json\/wp\/v2\/comments?post=1504"}],"version-history":[{"count":0,"href":"https:\/\/oystersexperience.pt\/fr\/wp-json\/wp\/v2\/pages\/1504\/revisions"}],"wp:attachment":[{"href":"https:\/\/oystersexperience.pt\/fr\/wp-json\/wp\/v2\/media?parent=1504"}],"curies":[{"name":"wp","href":"https:\/\/api.w.org\/{rel}","templated":true}]}}