{"id":1488,"date":"2023-04-13T12:14:23","date_gmt":"2023-04-13T11:14:23","guid":{"rendered":"https:\/\/oystersexperience.pt\/roulotte\/"},"modified":"2023-06-02T16:22:48","modified_gmt":"2023-06-02T15:22:48","slug":"roulotte","status":"publish","type":"page","link":"https:\/\/oystersexperience.pt\/fr\/roulotte\/","title":{"rendered":"Roulotte"},"content":{"rendered":"<div class=\"wpb-content-wrapper\"><p>[vc_row conditional_render=\u00a0\u00bb%5B%7B%22value_role%22%3A%22administrator%22%7D%5D\u00a0\u00bb][vc_column conditional_render=\u00a0\u00bb%5B%7B%22value_role%22%3A%22administrator%22%7D%5D\u00a0\u00bb]<div class=\"porto-gallery has-ccols ccols-1 has-ccols-spacing ccols-sm-2 ccols-md-3 wpb_custom_20fbab5f9e3e693df3c63529c05ed821 porto-carousel owl-carousel nav-pos-inside nav-style-1 align-items-start porto-ig-overlay\" data-plugin-options=\"{&quot;autoplay&quot;:true,&quot;autoplayHoverPause&quot;:true,&quot;autoplayTimeout&quot;:5000,&quot;items&quot;:3,&quot;xl&quot;:3,&quot;lg&quot;:3,&quot;md&quot;:3,&quot;sm&quot;:2,&quot;xs&quot;:1,&quot;nav&quot;:true,&quot;dots&quot;:false,&quot;margin&quot;:15}\"><figure><img decoding=\"async\" width=\"558\" height=\"468\" src=\"https:\/\/oystersexperience.pt\/wp-content\/uploads\/2023\/04\/oysters-experience-roulotte-01.jpg\" class=\"attachment-full size-full\" alt=\"\" srcset=\"https:\/\/oystersexperience.pt\/wp-content\/uploads\/2023\/04\/oysters-experience-roulotte-01.jpg 558w, https:\/\/oystersexperience.pt\/wp-content\/uploads\/2023\/04\/oysters-experience-roulotte-01-400x335.jpg 400w, https:\/\/oystersexperience.pt\/wp-content\/uploads\/2023\/04\/oysters-experience-roulotte-01-367x308.jpg 367w\" sizes=\"(max-width: 558px) 100vw, 558px\" \/><\/figure><figure><img decoding=\"async\" width=\"558\" height=\"468\" src=\"https:\/\/oystersexperience.pt\/wp-content\/uploads\/2023\/04\/oysters-experience-roulotte-02.jpg\" class=\"attachment-full size-full\" alt=\"\" srcset=\"https:\/\/oystersexperience.pt\/wp-content\/uploads\/2023\/04\/oysters-experience-roulotte-02.jpg 558w, https:\/\/oystersexperience.pt\/wp-content\/uploads\/2023\/04\/oysters-experience-roulotte-02-400x335.jpg 400w, https:\/\/oystersexperience.pt\/wp-content\/uploads\/2023\/04\/oysters-experience-roulotte-02-367x308.jpg 367w\" sizes=\"(max-width: 558px) 100vw, 558px\" \/><\/figure><figure><img decoding=\"async\" width=\"558\" height=\"468\" src=\"https:\/\/oystersexperience.pt\/wp-content\/uploads\/2023\/04\/oysters-experience-roulotte-03.jpg\" class=\"attachment-full size-full\" alt=\"\" srcset=\"https:\/\/oystersexperience.pt\/wp-content\/uploads\/2023\/04\/oysters-experience-roulotte-03.jpg 558w, https:\/\/oystersexperience.pt\/wp-content\/uploads\/2023\/04\/oysters-experience-roulotte-03-400x335.jpg 400w, https:\/\/oystersexperience.pt\/wp-content\/uploads\/2023\/04\/oysters-experience-roulotte-03-367x308.jpg 367w\" sizes=\"(max-width: 558px) 100vw, 558px\" \/><\/figure><figure><img decoding=\"async\" width=\"558\" height=\"468\" src=\"https:\/\/oystersexperience.pt\/wp-content\/uploads\/2023\/04\/oysters-experience-roulotte-04.jpg\" class=\"attachment-full size-full\" alt=\"\" srcset=\"https:\/\/oystersexperience.pt\/wp-content\/uploads\/2023\/04\/oysters-experience-roulotte-04.jpg 558w, https:\/\/oystersexperience.pt\/wp-content\/uploads\/2023\/04\/oysters-experience-roulotte-04-400x335.jpg 400w, https:\/\/oystersexperience.pt\/wp-content\/uploads\/2023\/04\/oysters-experience-roulotte-04-367x308.jpg 367w\" sizes=\"(max-width: 558px) 100vw, 558px\" \/><\/figure><\/div>[\/vc_column][\/vc_row][vc_row css=\u00a0\u00bb.vc_custom_1681384889365{margin-top: 25px !important;margin-bottom: 50px !important;}\u00a0\u00bb conditional_render=\u00a0\u00bb%5B%7B%22value_role%22%3A%22administrator%22%7D%5D\u00a0\u00bb][vc_column offset=\u00a0\u00bbvc_col-xl-offset-2 vc_col-xl-8 vc_col-lg-offset-1 vc_col-lg-10&Prime; conditional_render=\u00a0\u00bb%5B%7B%22value_role%22%3A%22administrator%22%7D%5D\u00a0\u00bb]<div class=\"porto-u-heading  wpb_custom_55101702de0aeafe3a9ae0c04b84d614 porto-u-5447\"><div class=\"porto-u-main-heading\"><h2   style=\"color:#777777;\">Roulotte<\/h2><\/div><div class=\"porto-u-sub-heading\" style=\"\">\n<h1>L\u00e0 o\u00f9 il y a des foires et beaucoup de plaisir, <strong>nous serons l\u00e0 avec nos hu\u00eetres joyeuses.<\/strong><\/h1>\n<p><\/div><style>.porto-u-5447.porto-u-heading{text-align:center}<\/style><\/div>[vc_column_text]<\/p>\n<p style=\"text-align: center;\">En pensant aux foires qui auront lieu en Algarve cet \u00e9t\u00e9, nous avons pr\u00e9par\u00e9 la Roulotte Oysters Experience o\u00f9 nous aurons une grande s\u00e9lection d&rsquo;hu\u00eetres fra\u00eeches \u00e0 d\u00e9guster en compagnie d&rsquo;un vin blanc ou ros\u00e9 de notre r\u00e9gion. Au plaisir de vous voir?<\/p>\n<p>[\/vc_column_text][\/vc_column][\/vc_row][vc_row css=\u00a0\u00bb.vc_custom_1681385194168{margin-top: 25px !important;margin-bottom: 25px !important;}\u00a0\u00bb conditional_render=\u00a0\u00bb%5B%7B%22value_role%22%3A%22administrator%22%7D%5D\u00a0\u00bb][vc_column offset=\u00a0\u00bbvc_col-xl-offset-2 vc_col-xl-8 vc_col-lg-offset-1 vc_col-lg-10&Prime; conditional_render=\u00a0\u00bb%5B%7B%22value_role%22%3A%22administrator%22%7D%5D\u00a0\u00bb]<div class=\"porto-u-heading  wpb_custom_55101702de0aeafe3a9ae0c04b84d614 porto-u-4604\"><div class=\"porto-u-main-heading\"><h2   style=\"color:#777777;\">Calendrier 2023<\/h2><\/div><style>.porto-u-4604.porto-u-heading{text-align:center}<\/style><\/div>[\/vc_column][\/vc_row][vc_row css=\u00a0\u00bb.vc_custom_1681758241689{margin-bottom: 50px !important;}\u00a0\u00bb conditional_render=\u00a0\u00bb%5B%7B%22value_role%22%3A%22administrator%22%7D%5D\u00a0\u00bb][vc_column]<div class=\"porto-block\" data-id=\"944\"><style>.vc_custom_1682079583780{padding-top: 50px !important;padding-right: 25px !important;padding-bottom: 50px !important;padding-left: 25px !important;background-color: #0a0a0a !important;}.vc_custom_1715778577981{padding-top: 50px !important;padding-right: 25px !important;padding-bottom: 50px !important;padding-left: 25px !important;background-color: #0a0a0a !important;}.vc_custom_1715778521042{padding-top: 50px !important;padding-right: 25px !important;padding-bottom: 50px !important;padding-left: 25px !important;background-color: #0a0a0a !important;}.vc_custom_1715778514385{padding-top: 50px !important;padding-right: 25px !important;padding-bottom: 50px !important;padding-left: 25px !important;background-color: #0a0a0a !important;}.wpb_custom_834e61c4a29455929470fdd868571ceb.porto-sicon-box.top-icon{text-align: center;}.wpb_custom_834e61c4a29455929470fdd868571ceb .porto-sicon-title{font-size:18px;color: #dbdbdb;}.wpb_custom_834e61c4a29455929470fdd868571ceb .porto-sicon-header p{font-weight:700;font-size:30px;line-height:1.1;}.eventos {min-height: 250px; display: flex; flex-wrap: wrap; align-content: center;}<\/style>[vc_row wrap_container=\"yes\" disable_element=\"yes\" conditional_render=\"%5B%7B%22value_role%22%3A%22administrator%22%7D%5D\"][vc_column width=\"1\/2\" offset=\"vc_col-xl-3 vc_col-lg-3 vc_col-md-6 vc_col-xs-12\" conditional_render=\"%5B%7B%22value_role%22%3A%22administrator%22%7D%5D\"]<div class=\"porto-sicon-box  vc_custom_1682079583780 eventos  wpb_custom_834e61c4a29455929470fdd868571ceb style_1 top-icon\"><div class=\"porto-sicon-header\"><h3 class=\"porto-sicon-title\" style=\"\">04 a 07 de Maio<\/h3><p style=\"color:#ffffff;\">Feira Medieval de Lagos<\/p><\/div> <!-- header --><\/div><!-- porto-sicon-box -->[\/vc_column][vc_column width=\"1\/2\" offset=\"vc_col-xl-3 vc_col-lg-3 vc_col-md-6 vc_col-xs-12\" conditional_render=\"%5B%7B%22value_role%22%3A%22administrator%22%7D%5D\"][\/vc_column][vc_column width=\"1\/2\" offset=\"vc_col-xl-3 vc_col-lg-3 vc_col-md-6 vc_col-xs-12\" conditional_render=\"%5B%7B%22value_role%22%3A%22administrator%22%7D%5D\"][\/vc_column][vc_column width=\"1\/2\" offset=\"vc_col-xl-3 vc_col-lg-3 vc_col-md-6 vc_col-xs-12\" conditional_render=\"%5B%7B%22value_role%22%3A%22administrator%22%7D%5D\"][\/vc_column][\/vc_row][vc_row][vc_column width=\"1\/3\"]<div class=\"porto-sicon-box  vc_custom_1715778577981 eventos  wpb_custom_834e61c4a29455929470fdd868571ceb style_1 top-icon\"><div class=\"porto-sicon-header\"><h3 class=\"porto-sicon-title\" style=\"\">11, 12, 13 e 14 de Julho 2024<\/h3><p style=\"color:#ffffff;\">Lagos Food Fest<\/p><\/div> <!-- header --><\/div><!-- porto-sicon-box -->[\/vc_column][vc_column width=\"1\/3\"]<div class=\"porto-sicon-box  vc_custom_1715778521042 eventos  wpb_custom_834e61c4a29455929470fdd868571ceb style_1 top-icon\"><div class=\"porto-sicon-header\"><h3 class=\"porto-sicon-title\" style=\"\">03 e 04 de Agosto 2024<\/h3><p style=\"color:#ffffff;\">Festa da Salema 2024<\/p><\/div> <!-- header --><\/div><!-- porto-sicon-box -->[\/vc_column][vc_column width=\"1\/3\"]<div class=\"porto-sicon-box  vc_custom_1715778514385 eventos  wpb_custom_834e61c4a29455929470fdd868571ceb style_1 top-icon\"><div class=\"porto-sicon-header\"><h3 class=\"porto-sicon-title\" style=\"\">29 de Agosto 2024<\/h3><p style=\"color:#ffffff;\">Banho 29 Praia da Luz<\/p><\/div> <!-- header --><\/div><!-- porto-sicon-box -->[\/vc_column][\/vc_row]<\/div>[\/vc_column][\/vc_row]<\/p>\n<\/div>","protected":false},"excerpt":{"rendered":"<p>[vc_row conditional_render=\u00a0\u00bb%5B%7B%22value_role%22%3A%22administrator%22%7D%5D\u00a0\u00bb][vc_column conditional_render=\u00a0\u00bb%5B%7B%22value_role%22%3A%22administrator%22%7D%5D\u00a0\u00bb][\/vc_column][\/vc_row][vc_row css=\u00a0\u00bb.vc_custom_1681384889365{margin-top: 25px !important;margin-bottom: 50px !important;}\u00a0\u00bb conditional_render=\u00a0\u00bb%5B%7B%22value_role%22%3A%22administrator%22%7D%5D\u00a0\u00bb][vc_column offset=\u00a0\u00bbvc_col-xl-offset-2 vc_col-xl-8 vc_col-lg-offset-1 vc_col-lg-10&Prime; conditional_render=\u00a0\u00bb%5B%7B%22value_role%22%3A%22administrator%22%7D%5D\u00a0\u00bb][vc_column_text] En pensant aux foires qui auront lieu en Algarve cet \u00e9t\u00e9, nous avons pr\u00e9par\u00e9 la Roulotte Oysters Experience o\u00f9 nous aurons une grande s\u00e9lection d&rsquo;hu\u00eetres fra\u00eeches \u00e0 d\u00e9guster en compagnie d&rsquo;un vin blanc ou ros\u00e9 de notre r\u00e9gion. Au plaisir de [&hellip;]<\/p>\n","protected":false},"author":1,"featured_media":0,"parent":0,"menu_order":0,"comment_status":"closed","ping_status":"closed","template":"","meta":{"footnotes":""},"class_list":["post-1488","page","type-page","status-publish","hentry"],"yoast_head":"<!-- This site is optimized with the Yoast SEO plugin v26.2 - https:\/\/yoast.com\/wordpress\/plugins\/seo\/ -->\n<title>Roulotte - Oysters Experience<\/title>\n<meta name=\"robots\" content=\"index, follow, max-snippet:-1, max-image-preview:large, max-video-preview:-1\" \/>\n<link rel=\"canonical\" href=\"https:\/\/oystersexperience.pt\/roulotte\/\" \/>\n<meta property=\"og:locale\" content=\"fr_FR\" \/>\n<meta property=\"og:type\" content=\"article\" \/>\n<meta property=\"og:title\" content=\"Roulotte - Oysters Experience\" \/>\n<meta property=\"og:description\" content=\"[vc_row conditional_render=\u00a0\u00bb%5B%7B%22value_role%22%3A%22administrator%22%7D%5D\u00a0\u00bb][vc_column conditional_render=\u00a0\u00bb%5B%7B%22value_role%22%3A%22administrator%22%7D%5D\u00a0\u00bb][\/vc_column][\/vc_row][vc_row css=\u00a0\u00bb.vc_custom_1681384889365{margin-top: 25px !important;margin-bottom: 50px !important;}\u00a0\u00bb conditional_render=\u00a0\u00bb%5B%7B%22value_role%22%3A%22administrator%22%7D%5D\u00a0\u00bb][vc_column offset=\u00a0\u00bbvc_col-xl-offset-2 vc_col-xl-8 vc_col-lg-offset-1 vc_col-lg-10&Prime; conditional_render=\u00a0\u00bb%5B%7B%22value_role%22%3A%22administrator%22%7D%5D\u00a0\u00bb][vc_column_text] En pensant aux foires qui auront lieu en Algarve cet \u00e9t\u00e9, nous avons pr\u00e9par\u00e9 la Roulotte Oysters Experience o\u00f9 nous aurons une grande s\u00e9lection d&rsquo;hu\u00eetres fra\u00eeches \u00e0 d\u00e9guster en compagnie d&rsquo;un vin blanc ou ros\u00e9 de notre r\u00e9gion. Au plaisir de [&hellip;]\" \/>\n<meta property=\"og:url\" content=\"https:\/\/oystersexperience.pt\/roulotte\/\" \/>\n<meta property=\"og:site_name\" content=\"Oysters Experience\" \/>\n<meta property=\"article:publisher\" content=\"https:\/\/www.facebook.com\/OystersExperience\" \/>\n<meta property=\"article:modified_time\" content=\"2023-06-02T15:22:48+00:00\" \/>\n<meta name=\"twitter:card\" content=\"summary_large_image\" \/>\n<meta name=\"twitter:label1\" content=\"Dur\u00e9e de lecture estim\u00e9e\" \/>\n\t<meta name=\"twitter:data1\" content=\"2 minutes\" \/>\n<script type=\"application\/ld+json\" class=\"yoast-schema-graph\">{\"@context\":\"https:\/\/schema.org\",\"@graph\":[{\"@type\":\"WebPage\",\"@id\":\"https:\/\/oystersexperience.pt\/roulotte\/\",\"url\":\"https:\/\/oystersexperience.pt\/roulotte\/\",\"name\":\"Roulotte - Oysters Experience\",\"isPartOf\":{\"@id\":\"https:\/\/oystersexperience.pt\/#website\"},\"datePublished\":\"2023-04-13T11:14:23+00:00\",\"dateModified\":\"2023-06-02T15:22:48+00:00\",\"breadcrumb\":{\"@id\":\"https:\/\/oystersexperience.pt\/roulotte\/#breadcrumb\"},\"inLanguage\":\"fr-FR\",\"potentialAction\":[{\"@type\":\"ReadAction\",\"target\":[\"https:\/\/oystersexperience.pt\/roulotte\/\"]}]},{\"@type\":\"BreadcrumbList\",\"@id\":\"https:\/\/oystersexperience.pt\/roulotte\/#breadcrumb\",\"itemListElement\":[{\"@type\":\"ListItem\",\"position\":1,\"name\":\"In\u00edcio\",\"item\":\"https:\/\/oystersexperience.pt\/fr\/\"},{\"@type\":\"ListItem\",\"position\":2,\"name\":\"Roulotte\"}]},{\"@type\":\"WebSite\",\"@id\":\"https:\/\/oystersexperience.pt\/#website\",\"url\":\"https:\/\/oystersexperience.pt\/\",\"name\":\"Oysters Experience\",\"description\":\"Somos produtores de Ostras Felizes\",\"publisher\":{\"@id\":\"https:\/\/oystersexperience.pt\/#organization\"},\"potentialAction\":[{\"@type\":\"SearchAction\",\"target\":{\"@type\":\"EntryPoint\",\"urlTemplate\":\"https:\/\/oystersexperience.pt\/?s={search_term_string}\"},\"query-input\":{\"@type\":\"PropertyValueSpecification\",\"valueRequired\":true,\"valueName\":\"search_term_string\"}}],\"inLanguage\":\"fr-FR\"},{\"@type\":\"Organization\",\"@id\":\"https:\/\/oystersexperience.pt\/#organization\",\"name\":\"Oysters Experience\",\"url\":\"https:\/\/oystersexperience.pt\/\",\"logo\":{\"@type\":\"ImageObject\",\"inLanguage\":\"fr-FR\",\"@id\":\"https:\/\/oystersexperience.pt\/#\/schema\/logo\/image\/\",\"url\":\"https:\/\/oystersexperience.pt\/wp-content\/uploads\/2022\/04\/logo-maintenance.png\",\"contentUrl\":\"https:\/\/oystersexperience.pt\/wp-content\/uploads\/2022\/04\/logo-maintenance.png\",\"width\":401,\"height\":208,\"caption\":\"Oysters Experience\"},\"image\":{\"@id\":\"https:\/\/oystersexperience.pt\/#\/schema\/logo\/image\/\"},\"sameAs\":[\"https:\/\/www.facebook.com\/OystersExperience\",\"https:\/\/www.instagram.com\/oysters.experience\/\"]}]}<\/script>\n<!-- \/ Yoast SEO plugin. -->","yoast_head_json":{"title":"Roulotte - Oysters Experience","robots":{"index":"index","follow":"follow","max-snippet":"max-snippet:-1","max-image-preview":"max-image-preview:large","max-video-preview":"max-video-preview:-1"},"canonical":"https:\/\/oystersexperience.pt\/roulotte\/","og_locale":"fr_FR","og_type":"article","og_title":"Roulotte - Oysters Experience","og_description":"[vc_row conditional_render=\u00a0\u00bb%5B%7B%22value_role%22%3A%22administrator%22%7D%5D\u00a0\u00bb][vc_column conditional_render=\u00a0\u00bb%5B%7B%22value_role%22%3A%22administrator%22%7D%5D\u00a0\u00bb][\/vc_column][\/vc_row][vc_row css=\u00a0\u00bb.vc_custom_1681384889365{margin-top: 25px !important;margin-bottom: 50px !important;}\u00a0\u00bb conditional_render=\u00a0\u00bb%5B%7B%22value_role%22%3A%22administrator%22%7D%5D\u00a0\u00bb][vc_column offset=\u00a0\u00bbvc_col-xl-offset-2 vc_col-xl-8 vc_col-lg-offset-1 vc_col-lg-10&Prime; conditional_render=\u00a0\u00bb%5B%7B%22value_role%22%3A%22administrator%22%7D%5D\u00a0\u00bb][vc_column_text] En pensant aux foires qui auront lieu en Algarve cet \u00e9t\u00e9, nous avons pr\u00e9par\u00e9 la Roulotte Oysters Experience o\u00f9 nous aurons une grande s\u00e9lection d&rsquo;hu\u00eetres fra\u00eeches \u00e0 d\u00e9guster en compagnie d&rsquo;un vin blanc ou ros\u00e9 de notre r\u00e9gion. Au plaisir de [&hellip;]","og_url":"https:\/\/oystersexperience.pt\/roulotte\/","og_site_name":"Oysters Experience","article_publisher":"https:\/\/www.facebook.com\/OystersExperience","article_modified_time":"2023-06-02T15:22:48+00:00","twitter_card":"summary_large_image","twitter_misc":{"Dur\u00e9e de lecture estim\u00e9e":"2 minutes"},"schema":{"@context":"https:\/\/schema.org","@graph":[{"@type":"WebPage","@id":"https:\/\/oystersexperience.pt\/roulotte\/","url":"https:\/\/oystersexperience.pt\/roulotte\/","name":"Roulotte - Oysters Experience","isPartOf":{"@id":"https:\/\/oystersexperience.pt\/#website"},"datePublished":"2023-04-13T11:14:23+00:00","dateModified":"2023-06-02T15:22:48+00:00","breadcrumb":{"@id":"https:\/\/oystersexperience.pt\/roulotte\/#breadcrumb"},"inLanguage":"fr-FR","potentialAction":[{"@type":"ReadAction","target":["https:\/\/oystersexperience.pt\/roulotte\/"]}]},{"@type":"BreadcrumbList","@id":"https:\/\/oystersexperience.pt\/roulotte\/#breadcrumb","itemListElement":[{"@type":"ListItem","position":1,"name":"In\u00edcio","item":"https:\/\/oystersexperience.pt\/fr\/"},{"@type":"ListItem","position":2,"name":"Roulotte"}]},{"@type":"WebSite","@id":"https:\/\/oystersexperience.pt\/#website","url":"https:\/\/oystersexperience.pt\/","name":"Oysters Experience","description":"Somos produtores de Ostras Felizes","publisher":{"@id":"https:\/\/oystersexperience.pt\/#organization"},"potentialAction":[{"@type":"SearchAction","target":{"@type":"EntryPoint","urlTemplate":"https:\/\/oystersexperience.pt\/?s={search_term_string}"},"query-input":{"@type":"PropertyValueSpecification","valueRequired":true,"valueName":"search_term_string"}}],"inLanguage":"fr-FR"},{"@type":"Organization","@id":"https:\/\/oystersexperience.pt\/#organization","name":"Oysters Experience","url":"https:\/\/oystersexperience.pt\/","logo":{"@type":"ImageObject","inLanguage":"fr-FR","@id":"https:\/\/oystersexperience.pt\/#\/schema\/logo\/image\/","url":"https:\/\/oystersexperience.pt\/wp-content\/uploads\/2022\/04\/logo-maintenance.png","contentUrl":"https:\/\/oystersexperience.pt\/wp-content\/uploads\/2022\/04\/logo-maintenance.png","width":401,"height":208,"caption":"Oysters Experience"},"image":{"@id":"https:\/\/oystersexperience.pt\/#\/schema\/logo\/image\/"},"sameAs":["https:\/\/www.facebook.com\/OystersExperience","https:\/\/www.instagram.com\/oysters.experience\/"]}]}},"_links":{"self":[{"href":"https:\/\/oystersexperience.pt\/fr\/wp-json\/wp\/v2\/pages\/1488","targetHints":{"allow":["GET"]}}],"collection":[{"href":"https:\/\/oystersexperience.pt\/fr\/wp-json\/wp\/v2\/pages"}],"about":[{"href":"https:\/\/oystersexperience.pt\/fr\/wp-json\/wp\/v2\/types\/page"}],"author":[{"embeddable":true,"href":"https:\/\/oystersexperience.pt\/fr\/wp-json\/wp\/v2\/users\/1"}],"replies":[{"embeddable":true,"href":"https:\/\/oystersexperience.pt\/fr\/wp-json\/wp\/v2\/comments?post=1488"}],"version-history":[{"count":0,"href":"https:\/\/oystersexperience.pt\/fr\/wp-json\/wp\/v2\/pages\/1488\/revisions"}],"wp:attachment":[{"href":"https:\/\/oystersexperience.pt\/fr\/wp-json\/wp\/v2\/media?parent=1488"}],"curies":[{"name":"wp","href":"https:\/\/api.w.org\/{rel}","templated":true}]}}