{"id":1483,"date":"2022-04-20T16:06:24","date_gmt":"2022-04-20T15:06:24","guid":{"rendered":"https:\/\/oystersexperience.pt\/experiencias\/"},"modified":"2023-06-02T16:31:58","modified_gmt":"2023-06-02T15:31:58","slug":"experiences","status":"publish","type":"page","link":"https:\/\/oystersexperience.pt\/fr\/experiences\/","title":{"rendered":"Experiences"},"content":{"rendered":"<div class=\"wpb-content-wrapper\"><p>[vc_row full_width=\u00a0\u00bbstretch_row_content_no_spaces\u00a0\u00bb][vc_column]<div class=\"porto-carousel owl-carousel has-ccols ccols-1 wpb_custom_c86c2fb53cae9eced42d4b8900a042f3 nav-inside dots-style-1 nav-inside-center\" data-plugin-options=\"{&quot;themeConfig&quot;:true,&quot;stagePadding&quot;:0,&quot;margin&quot;:0,&quot;autoplay&quot;:&quot;yes&quot;,&quot;mouseDrag&quot;:true,&quot;touchDrag&quot;:true,&quot;autoplayTimeout&quot;:5000,&quot;autoplayHoverPause&quot;:false,&quot;items&quot;:1,&quot;xl&quot;:1,&quot;lg&quot;:1,&quot;md&quot;:1,&quot;sm&quot;:1,&quot;xs&quot;:1,&quot;nav&quot;:false,&quot;dots&quot;:&quot;yes&quot;,&quot;animateIn&quot;:&quot;&quot;,&quot;animateOut&quot;:&quot;&quot;,&quot;loop&quot;:&quot;yes&quot;,&quot;center&quot;:false,&quot;video&quot;:false,&quot;lazyLoad&quot;:false,&quot;fullscreen&quot;:false}\">[vc_single_image image=\u00a0\u00bb256&Prime; img_size=\u00a0\u00bbfull\u00a0\u00bb alignment=\u00a0\u00bbcenter\u00a0\u00bb][vc_single_image image=\u00a0\u00bb257&Prime; img_size=\u00a0\u00bbfull\u00a0\u00bb alignment=\u00a0\u00bbcenter\u00a0\u00bb][vc_single_image image=\u00a0\u00bb260&Prime; img_size=\u00a0\u00bbfull\u00a0\u00bb alignment=\u00a0\u00bbcenter\u00a0\u00bb]<\/div>[\/vc_column][\/vc_row][vc_row content_placement=\u00a0\u00bbmiddle\u00a0\u00bb css=\u00a0\u00bb.vc_custom_1651008369924{margin-top: 50px !important;margin-bottom: 50px !important;}\u00a0\u00bb][vc_column css=\u00a0\u00bb.vc_custom_1651008342460{background-position: center !important;background-repeat: no-repeat !important;background-size: cover !important;}\u00a0\u00bb offset=\u00a0\u00bbvc_col-lg-offset-2 vc_col-lg-8 vc_col-md-offset-1 vc_col-md-10&Prime;][vc_column_text css=\u00a0\u00bb.vc_custom_1685717956748{margin-bottom: 0px !important;}\u00a0\u00bb]<\/p>\n<h1 style=\"text-align: center;\">Profitez de nos exp\u00e9riences,<br \/>\n<strong>vivez des moments inoubliables<\/strong><\/h1>\n<p style=\"text-align: center;\">En compagnie d&rsquo;un bon vin blanc ou d&rsquo;un mousseux frais, avec quelques gouttes de citron ou de fruit de la passion, commence alors ce voyage \u00e0 travers l&rsquo;authentique saveur marine de nos joyeuses hu\u00eetres.<strong> Quelle que soit l&rsquo;occasion, pr\u00e9parez-vous \u00e0 vivre une exp\u00e9rience m\u00e9morable.<\/strong><\/p>\n<p>[\/vc_column_text][\/vc_column][\/vc_row][vc_row full_width=\u00a0\u00bbstretch_row_content_no_spaces\u00a0\u00bb content_placement=\u00a0\u00bbmiddle\u00a0\u00bb css=\u00a0\u00bb.vc_custom_1681389152745{margin-bottom: 0px !important;}\u00a0\u00bb conditional_render=\u00a0\u00bb%5B%7B%22value_role%22%3A%22administrator%22%7D%5D\u00a0\u00bb][vc_column width=\u00a0\u00bb1\/2&Prime; css=\u00a0\u00bb.vc_custom_1681388547832{padding-top: 275px !important;padding-bottom: 275px !important;background-image: url(https:\/\/oystersexperience.pt\/wp-content\/uploads\/2022\/04\/Visitas-aos-viveiros.jpg?id=448) !important;background-position: center !important;background-repeat: no-repeat !important;background-size: cover !important;}\u00a0\u00bb conditional_render=\u00a0\u00bb%5B%7B%22value_role%22%3A%22administrator%22%7D%5D\u00a0\u00bb][\/vc_column][vc_column width=\u00a0\u00bb1\/2&Prime; css=\u00a0\u00bb.vc_custom_1650568841521{border-top-width: 40px !important;border-right-width: 40px !important;border-bottom-width: 40px !important;border-left-width: 40px !important;padding-top: 40px !important;padding-right: 40px !important;padding-bottom: 40px !important;padding-left: 40px !important;border-left-color: #eaeaea !important;border-left-style: solid !important;border-right-color: #eaeaea !important;border-right-style: solid !important;border-top-color: #eaeaea !important;border-top-style: solid !important;border-bottom-color: #eaeaea !important;border-bottom-style: solid !important;}\u00a0\u00bb el_class=\u00a0\u00bbteste\u00a0\u00bb]<div class=\"porto-u-heading  wpb_custom_0d01e0b92597f9d12aab55ddfc406e4b porto-u-4943\"><div class=\"porto-u-main-heading\"><h2  >\u00c9V\u00c9NEMENTS<\/h2><\/div><div class=\"porto-u-sub-heading\" style=\"margin-bottom:25px;\"><strong>Exp\u00e9riences uniques <\/strong><\/div><style>.porto-u-4943.porto-u-heading{text-align:center}<\/style><\/div>[vc_column_text]<\/p>\n<p style=\"text-align: center;\">S&rsquo;il y a quelque chose qui nous inspire, c&rsquo;est de pouvoir contribuer \u00e0 la r\u00e9alisation de moments sp\u00e9ciaux, tant dans votre vie personnelle que professionnelle.<strong><br \/>\nNous savons comment faire de votre \u00e9v\u00e9nement une f\u00eate unique.<\/strong><\/p>\n<p>[\/vc_column_text]<div class=\"porto-btn-ctn-center \"><a class=\"porto-btn porto-adjust-bottom-margin porto-btn-custom porto-btn-fade-bg   wpb_custom_c90efcc07e846f13bbb773f2c5176450  porto-btn-center \" title='Eventos' rel='' href = \"https:\/\/oystersexperience.pt\/fr\/evenements\/\"  data-hover=\"#ffffff\" data-border-color=\"\" data-bg=\"#000000\" data-hover-bg=\"#828282\" data-border-hover=\"\" data-shadow-click=\"none\" data-shadow=\"\" style=\"padding:10px 40px;border:none;background: #000000;color: #ffffff;\"><span class=\"porto-btn-hover\" style=\"background-color:#828282\"><\/span><span class=\"porto-btn-data porto-btn-text \" >CHOISISSEZ UN \u00c9V\u00c9NEMENT<\/span><\/a><\/div>[\/vc_column][\/vc_row][vc_row full_width=\u00a0\u00bbstretch_row_content_no_spaces\u00a0\u00bb content_placement=\u00a0\u00bbmiddle\u00a0\u00bb el_class=\u00a0\u00bbswap-on-mobile\u00a0\u00bb][vc_column width=\u00a0\u00bb1\/2&Prime; css=\u00a0\u00bb.vc_custom_1650473612680{border-top-width: 40px !important;border-right-width: 40px !important;border-bottom-width: 40px !important;border-left-width: 40px !important;padding-top: 40px !important;padding-right: 40px !important;padding-bottom: 40px !important;padding-left: 40px !important;border-left-color: #eaeaea !important;border-left-style: solid !important;border-right-color: #eaeaea !important;border-right-style: solid !important;border-top-color: #eaeaea !important;border-top-style: solid !important;border-bottom-color: #eaeaea !important;border-bottom-style: solid !important;}\u00a0\u00bb]<div class=\"porto-u-heading  wpb_custom_0d01e0b92597f9d12aab55ddfc406e4b porto-u-4566\"><div class=\"porto-u-main-heading\"><h2  >Roulotte<\/h2><\/div><div class=\"porto-u-sub-heading\" style=\"margin-bottom:25px;\"><strong>L\u00e0 o\u00f9 il y a des foires et de la bonne humeur<\/strong><\/div><style>.porto-u-4566.porto-u-heading{text-align:center}<\/style><\/div>[vc_column_text]<\/p>\n<p style=\"text-align: center;\">nous serons l\u00e0 avec nos joyeuses hu\u00eetres<strong><br \/>\n\u00e0 d\u00e9guster en compagnie d&rsquo;un vin blanc ou ros\u00e9 de notre r\u00e9gion<\/strong><\/p>\n<p>[\/vc_column_text]<div class=\"porto-btn-ctn-center \"><a class=\"porto-btn porto-adjust-bottom-margin porto-btn-custom porto-btn-fade-bg   wpb_custom_c90efcc07e846f13bbb773f2c5176450  porto-btn-center \" title='Roulotte' rel='' href = \"https:\/\/oystersexperience.pt\/fr\/roulotte\/\"  data-hover=\"#ffffff\" data-border-color=\"\" data-bg=\"#000000\" data-hover-bg=\"#828282\" data-border-hover=\"\" data-shadow-click=\"none\" data-shadow=\"\" style=\"padding:10px 40px;border:none;background: #000000;color: #ffffff;\"><span class=\"porto-btn-hover\" style=\"background-color:#828282\"><\/span><span class=\"porto-btn-data porto-btn-text \" >VOIR PLUS<\/span><\/a><\/div>[\/vc_column][vc_column width=\u00a0\u00bb1\/2&Prime; css=\u00a0\u00bb.vc_custom_1681389199413{padding-top: 275px !important;padding-bottom: 275px !important;background-image: url(https:\/\/oystersexperience.pt\/wp-content\/uploads\/2023\/04\/Oyster-Experience-roulotte-0000.jpg?id=893) !important;background-position: center !important;background-repeat: no-repeat !important;background-size: cover !important;}\u00a0\u00bb conditional_render=\u00a0\u00bb%5B%7B%22value_role%22%3A%22administrator%22%7D%5D\u00a0\u00bb][\/vc_column][\/vc_row][vc_row full_width=\u00a0\u00bbstretch_row_content_no_spaces\u00a0\u00bb content_placement=\u00a0\u00bbmiddle\u00a0\u00bb css=\u00a0\u00bb.vc_custom_1650473662782{margin-bottom: 30px !important;}\u00a0\u00bb][vc_column width=\u00a0\u00bb1\/2&Prime; css=\u00a0\u00bb.vc_custom_1681389188634{padding-top: 275px !important;padding-bottom: 275px !important;background-image: url(https:\/\/oystersexperience.pt\/wp-content\/uploads\/2023\/04\/oysters-experience-bar-0000.jpg?id=895) !important;background-position: center !important;background-repeat: no-repeat !important;background-size: cover !important;}\u00a0\u00bb conditional_render=\u00a0\u00bb%5B%7B%22value_role%22%3A%22administrator%22%7D%5D\u00a0\u00bb][\/vc_column][vc_column width=\u00a0\u00bb1\/2&Prime; css=\u00a0\u00bb.vc_custom_1650568841521{border-top-width: 40px !important;border-right-width: 40px !important;border-bottom-width: 40px !important;border-left-width: 40px !important;padding-top: 40px !important;padding-right: 40px !important;padding-bottom: 40px !important;padding-left: 40px !important;border-left-color: #eaeaea !important;border-left-style: solid !important;border-right-color: #eaeaea !important;border-right-style: solid !important;border-top-color: #eaeaea !important;border-top-style: solid !important;border-bottom-color: #eaeaea !important;border-bottom-style: solid !important;}\u00a0\u00bb el_class=\u00a0\u00bbteste\u00a0\u00bb]<div class=\"porto-u-heading  wpb_custom_0d01e0b92597f9d12aab55ddfc406e4b porto-u-2120\"><div class=\"porto-u-main-heading\"><h2  >Bar \u00e0 Oysteres<\/h2><\/div><div class=\"porto-u-sub-heading\" style=\"margin-bottom:25px;\"><strong>Venez d\u00e9guster nos hu\u00eetres<\/strong><\/div><style>.porto-u-2120.porto-u-heading{text-align:center}<\/style><\/div>[vc_column_text]<\/p>\n<p style=\"text-align: center;\">\u00e0 c\u00f4t\u00e9 du restaurant Camilo, avec vue sur la mer.<br \/>\n<strong>Que souhaitez-vous de plus pour profiter du meilleur de la vie?<\/strong><\/p>\n<p>[\/vc_column_text]<div class=\"porto-btn-ctn-center \"><a class=\"porto-btn porto-adjust-bottom-margin porto-btn-custom porto-btn-fade-bg   wpb_custom_c90efcc07e846f13bbb773f2c5176450  porto-btn-center \"  rel='' href = \"https:\/\/oystersexperience.pt\/fr\/bar-a-oysteres\"  data-hover=\"#ffffff\" data-border-color=\"\" data-bg=\"#000000\" data-hover-bg=\"#828282\" data-border-hover=\"\" data-shadow-click=\"none\" data-shadow=\"\" style=\"padding:10px 40px;border:none;background: #000000;color: #ffffff;\"><span class=\"porto-btn-hover\" style=\"background-color:#828282\"><\/span><span class=\"porto-btn-data porto-btn-text \" >VOIR PLUS<\/span><\/a><\/div>[\/vc_column][\/vc_row][vc_row full_width=\u00a0\u00bbstretch_row_content_no_spaces\u00a0\u00bb content_placement=\u00a0\u00bbmiddle\u00a0\u00bb el_class=\u00a0\u00bbswap-on-mobile\u00a0\u00bb][vc_column width=\u00a0\u00bb1\/2&Prime; css=\u00a0\u00bb.vc_custom_1650473612680{border-top-width: 40px !important;border-right-width: 40px !important;border-bottom-width: 40px !important;border-left-width: 40px !important;padding-top: 40px !important;padding-right: 40px !important;padding-bottom: 40px !important;padding-left: 40px !important;border-left-color: #eaeaea !important;border-left-style: solid !important;border-right-color: #eaeaea !important;border-right-style: solid !important;border-top-color: #eaeaea !important;border-top-style: solid !important;border-bottom-color: #eaeaea !important;border-bottom-style: solid !important;}\u00a0\u00bb]<div class=\"porto-u-heading  wpb_custom_0d01e0b92597f9d12aab55ddfc406e4b porto-u-2576\"><div class=\"porto-u-main-heading\"><h2  >DISTRIBUITION<\/h2><\/div><div class=\"porto-u-sub-heading\" style=\"margin-bottom:25px;\">\n<div class=\"porto-u-heading wpb_custom_0d01e0b92597f9d12aab55ddfc406e4b porto-u-7573\">\n<div class=\"porto-u-sub-heading\"><strong>Lorsque vous voulez des hu\u00eetres joyeuses<\/strong><\/div>\n<\/div>\n<p><\/div><style>.porto-u-2576.porto-u-heading{text-align:center}<\/style><\/div>[vc_column_text]<\/p>\n<p style=\"text-align: center;\">vous pouvez compter sur notre \u00e9quipe de distribution<br \/>\n<strong>Elles seront toujours livr\u00e9es fra\u00eeches \u00e0 vos clients<\/strong><\/p>\n<p>[\/vc_column_text]<div class=\"porto-btn-ctn-center \"><a class=\"porto-btn porto-adjust-bottom-margin porto-btn-custom porto-btn-fade-bg   wpb_custom_c90efcc07e846f13bbb773f2c5176450  porto-btn-center \" title='Eventos' rel='' href = \"https:\/\/oystersexperience.pt\/fr\/distribution\"  data-hover=\"#ffffff\" data-border-color=\"\" data-bg=\"#000000\" data-hover-bg=\"#828282\" data-border-hover=\"\" data-shadow-click=\"none\" data-shadow=\"\" style=\"padding:10px 40px;border:none;background: #000000;color: #ffffff;\"><span class=\"porto-btn-hover\" style=\"background-color:#828282\"><\/span><span class=\"porto-btn-data porto-btn-text \" >VOIR PLUS<\/span><\/a><\/div>[\/vc_column][vc_column width=\u00a0\u00bb1\/2&Prime; css=\u00a0\u00bb.vc_custom_1681389318340{padding-top: 275px !important;padding-bottom: 275px !important;background-image: url(https:\/\/oystersexperience.pt\/wp-content\/uploads\/2023\/04\/oysters-experience-distribuicao-000.jpg?id=900) !important;background-position: center !important;background-repeat: no-repeat !important;background-size: cover !important;}\u00a0\u00bb conditional_render=\u00a0\u00bb%5B%7B%22value_role%22%3A%22administrator%22%7D%5D\u00a0\u00bb][\/vc_column][\/vc_row]<\/p>\n<\/div>","protected":false},"excerpt":{"rendered":"<p>[vc_row full_width=\u00a0\u00bbstretch_row_content_no_spaces\u00a0\u00bb][vc_column][\/vc_column][\/vc_row][vc_row content_placement=\u00a0\u00bbmiddle\u00a0\u00bb css=\u00a0\u00bb.vc_custom_1651008369924{margin-top: 50px !important;margin-bottom: 50px !important;}\u00a0\u00bb][vc_column css=\u00a0\u00bb.vc_custom_1651008342460{background-position: center !important;background-repeat: no-repeat !important;background-size: cover !important;}\u00a0\u00bb offset=\u00a0\u00bbvc_col-lg-offset-2 vc_col-lg-8 vc_col-md-offset-1 vc_col-md-10&Prime;][vc_column_text css=\u00a0\u00bb.vc_custom_1685717956748{margin-bottom: 0px !important;}\u00a0\u00bb] Profitez de nos exp\u00e9riences, vivez des moments inoubliables En compagnie d&rsquo;un bon vin blanc ou d&rsquo;un mousseux frais, avec quelques gouttes de citron ou de fruit de la passion, commence alors ce voyage [&hellip;]<\/p>\n","protected":false},"author":1,"featured_media":0,"parent":0,"menu_order":0,"comment_status":"closed","ping_status":"closed","template":"","meta":{"footnotes":""},"class_list":["post-1483","page","type-page","status-publish","hentry"],"yoast_head":"<!-- This site is optimized with the Yoast SEO plugin v26.2 - https:\/\/yoast.com\/wordpress\/plugins\/seo\/ -->\n<title>Experiences - Oysters Experience<\/title>\n<meta name=\"robots\" content=\"index, follow, max-snippet:-1, max-image-preview:large, max-video-preview:-1\" \/>\n<link rel=\"canonical\" href=\"https:\/\/oystersexperience.pt\/experiencias\/\" \/>\n<meta property=\"og:locale\" content=\"fr_FR\" \/>\n<meta property=\"og:type\" content=\"article\" \/>\n<meta property=\"og:title\" content=\"Experiences - Oysters Experience\" \/>\n<meta property=\"og:description\" content=\"[vc_row full_width=\u00a0\u00bbstretch_row_content_no_spaces\u00a0\u00bb][vc_column][\/vc_column][\/vc_row][vc_row content_placement=\u00a0\u00bbmiddle\u00a0\u00bb css=\u00a0\u00bb.vc_custom_1651008369924{margin-top: 50px !important;margin-bottom: 50px !important;}\u00a0\u00bb][vc_column css=\u00a0\u00bb.vc_custom_1651008342460{background-position: center !important;background-repeat: no-repeat !important;background-size: cover !important;}\u00a0\u00bb offset=\u00a0\u00bbvc_col-lg-offset-2 vc_col-lg-8 vc_col-md-offset-1 vc_col-md-10&Prime;][vc_column_text css=\u00a0\u00bb.vc_custom_1685717956748{margin-bottom: 0px !important;}\u00a0\u00bb] Profitez de nos exp\u00e9riences, vivez des moments inoubliables En compagnie d&rsquo;un bon vin blanc ou d&rsquo;un mousseux frais, avec quelques gouttes de citron ou de fruit de la passion, commence alors ce voyage [&hellip;]\" \/>\n<meta property=\"og:url\" content=\"https:\/\/oystersexperience.pt\/experiencias\/\" \/>\n<meta property=\"og:site_name\" content=\"Oysters Experience\" \/>\n<meta property=\"article:publisher\" content=\"https:\/\/www.facebook.com\/OystersExperience\" \/>\n<meta property=\"article:modified_time\" content=\"2023-06-02T15:31:58+00:00\" \/>\n<meta name=\"twitter:card\" content=\"summary_large_image\" \/>\n<meta name=\"twitter:label1\" content=\"Dur\u00e9e de lecture estim\u00e9e\" \/>\n\t<meta name=\"twitter:data1\" content=\"6 minutes\" \/>\n<script type=\"application\/ld+json\" class=\"yoast-schema-graph\">{\"@context\":\"https:\/\/schema.org\",\"@graph\":[{\"@type\":\"WebPage\",\"@id\":\"https:\/\/oystersexperience.pt\/experiencias\/\",\"url\":\"https:\/\/oystersexperience.pt\/experiencias\/\",\"name\":\"Experiences - Oysters Experience\",\"isPartOf\":{\"@id\":\"https:\/\/oystersexperience.pt\/#website\"},\"datePublished\":\"2022-04-20T15:06:24+00:00\",\"dateModified\":\"2023-06-02T15:31:58+00:00\",\"breadcrumb\":{\"@id\":\"https:\/\/oystersexperience.pt\/experiencias\/#breadcrumb\"},\"inLanguage\":\"fr-FR\",\"potentialAction\":[{\"@type\":\"ReadAction\",\"target\":[\"https:\/\/oystersexperience.pt\/experiencias\/\"]}]},{\"@type\":\"BreadcrumbList\",\"@id\":\"https:\/\/oystersexperience.pt\/experiencias\/#breadcrumb\",\"itemListElement\":[{\"@type\":\"ListItem\",\"position\":1,\"name\":\"In\u00edcio\",\"item\":\"https:\/\/oystersexperience.pt\/fr\/\"},{\"@type\":\"ListItem\",\"position\":2,\"name\":\"Experiences\"}]},{\"@type\":\"WebSite\",\"@id\":\"https:\/\/oystersexperience.pt\/#website\",\"url\":\"https:\/\/oystersexperience.pt\/\",\"name\":\"Oysters Experience\",\"description\":\"Somos produtores de Ostras Felizes\",\"publisher\":{\"@id\":\"https:\/\/oystersexperience.pt\/#organization\"},\"potentialAction\":[{\"@type\":\"SearchAction\",\"target\":{\"@type\":\"EntryPoint\",\"urlTemplate\":\"https:\/\/oystersexperience.pt\/?s={search_term_string}\"},\"query-input\":{\"@type\":\"PropertyValueSpecification\",\"valueRequired\":true,\"valueName\":\"search_term_string\"}}],\"inLanguage\":\"fr-FR\"},{\"@type\":\"Organization\",\"@id\":\"https:\/\/oystersexperience.pt\/#organization\",\"name\":\"Oysters Experience\",\"url\":\"https:\/\/oystersexperience.pt\/\",\"logo\":{\"@type\":\"ImageObject\",\"inLanguage\":\"fr-FR\",\"@id\":\"https:\/\/oystersexperience.pt\/#\/schema\/logo\/image\/\",\"url\":\"https:\/\/oystersexperience.pt\/wp-content\/uploads\/2022\/04\/logo-maintenance.png\",\"contentUrl\":\"https:\/\/oystersexperience.pt\/wp-content\/uploads\/2022\/04\/logo-maintenance.png\",\"width\":401,\"height\":208,\"caption\":\"Oysters Experience\"},\"image\":{\"@id\":\"https:\/\/oystersexperience.pt\/#\/schema\/logo\/image\/\"},\"sameAs\":[\"https:\/\/www.facebook.com\/OystersExperience\",\"https:\/\/www.instagram.com\/oysters.experience\/\"]}]}<\/script>\n<!-- \/ Yoast SEO plugin. -->","yoast_head_json":{"title":"Experiences - Oysters Experience","robots":{"index":"index","follow":"follow","max-snippet":"max-snippet:-1","max-image-preview":"max-image-preview:large","max-video-preview":"max-video-preview:-1"},"canonical":"https:\/\/oystersexperience.pt\/experiencias\/","og_locale":"fr_FR","og_type":"article","og_title":"Experiences - Oysters Experience","og_description":"[vc_row full_width=\u00a0\u00bbstretch_row_content_no_spaces\u00a0\u00bb][vc_column][\/vc_column][\/vc_row][vc_row content_placement=\u00a0\u00bbmiddle\u00a0\u00bb css=\u00a0\u00bb.vc_custom_1651008369924{margin-top: 50px !important;margin-bottom: 50px !important;}\u00a0\u00bb][vc_column css=\u00a0\u00bb.vc_custom_1651008342460{background-position: center !important;background-repeat: no-repeat !important;background-size: cover !important;}\u00a0\u00bb offset=\u00a0\u00bbvc_col-lg-offset-2 vc_col-lg-8 vc_col-md-offset-1 vc_col-md-10&Prime;][vc_column_text css=\u00a0\u00bb.vc_custom_1685717956748{margin-bottom: 0px !important;}\u00a0\u00bb] Profitez de nos exp\u00e9riences, vivez des moments inoubliables En compagnie d&rsquo;un bon vin blanc ou d&rsquo;un mousseux frais, avec quelques gouttes de citron ou de fruit de la passion, commence alors ce voyage [&hellip;]","og_url":"https:\/\/oystersexperience.pt\/experiencias\/","og_site_name":"Oysters Experience","article_publisher":"https:\/\/www.facebook.com\/OystersExperience","article_modified_time":"2023-06-02T15:31:58+00:00","twitter_card":"summary_large_image","twitter_misc":{"Dur\u00e9e de lecture estim\u00e9e":"6 minutes"},"schema":{"@context":"https:\/\/schema.org","@graph":[{"@type":"WebPage","@id":"https:\/\/oystersexperience.pt\/experiencias\/","url":"https:\/\/oystersexperience.pt\/experiencias\/","name":"Experiences - Oysters Experience","isPartOf":{"@id":"https:\/\/oystersexperience.pt\/#website"},"datePublished":"2022-04-20T15:06:24+00:00","dateModified":"2023-06-02T15:31:58+00:00","breadcrumb":{"@id":"https:\/\/oystersexperience.pt\/experiencias\/#breadcrumb"},"inLanguage":"fr-FR","potentialAction":[{"@type":"ReadAction","target":["https:\/\/oystersexperience.pt\/experiencias\/"]}]},{"@type":"BreadcrumbList","@id":"https:\/\/oystersexperience.pt\/experiencias\/#breadcrumb","itemListElement":[{"@type":"ListItem","position":1,"name":"In\u00edcio","item":"https:\/\/oystersexperience.pt\/fr\/"},{"@type":"ListItem","position":2,"name":"Experiences"}]},{"@type":"WebSite","@id":"https:\/\/oystersexperience.pt\/#website","url":"https:\/\/oystersexperience.pt\/","name":"Oysters Experience","description":"Somos produtores de Ostras Felizes","publisher":{"@id":"https:\/\/oystersexperience.pt\/#organization"},"potentialAction":[{"@type":"SearchAction","target":{"@type":"EntryPoint","urlTemplate":"https:\/\/oystersexperience.pt\/?s={search_term_string}"},"query-input":{"@type":"PropertyValueSpecification","valueRequired":true,"valueName":"search_term_string"}}],"inLanguage":"fr-FR"},{"@type":"Organization","@id":"https:\/\/oystersexperience.pt\/#organization","name":"Oysters Experience","url":"https:\/\/oystersexperience.pt\/","logo":{"@type":"ImageObject","inLanguage":"fr-FR","@id":"https:\/\/oystersexperience.pt\/#\/schema\/logo\/image\/","url":"https:\/\/oystersexperience.pt\/wp-content\/uploads\/2022\/04\/logo-maintenance.png","contentUrl":"https:\/\/oystersexperience.pt\/wp-content\/uploads\/2022\/04\/logo-maintenance.png","width":401,"height":208,"caption":"Oysters Experience"},"image":{"@id":"https:\/\/oystersexperience.pt\/#\/schema\/logo\/image\/"},"sameAs":["https:\/\/www.facebook.com\/OystersExperience","https:\/\/www.instagram.com\/oysters.experience\/"]}]}},"_links":{"self":[{"href":"https:\/\/oystersexperience.pt\/fr\/wp-json\/wp\/v2\/pages\/1483","targetHints":{"allow":["GET"]}}],"collection":[{"href":"https:\/\/oystersexperience.pt\/fr\/wp-json\/wp\/v2\/pages"}],"about":[{"href":"https:\/\/oystersexperience.pt\/fr\/wp-json\/wp\/v2\/types\/page"}],"author":[{"embeddable":true,"href":"https:\/\/oystersexperience.pt\/fr\/wp-json\/wp\/v2\/users\/1"}],"replies":[{"embeddable":true,"href":"https:\/\/oystersexperience.pt\/fr\/wp-json\/wp\/v2\/comments?post=1483"}],"version-history":[{"count":0,"href":"https:\/\/oystersexperience.pt\/fr\/wp-json\/wp\/v2\/pages\/1483\/revisions"}],"wp:attachment":[{"href":"https:\/\/oystersexperience.pt\/fr\/wp-json\/wp\/v2\/media?parent=1483"}],"curies":[{"name":"wp","href":"https:\/\/api.w.org\/{rel}","templated":true}]}}