{"id":1467,"date":"2022-04-18T14:15:04","date_gmt":"2022-04-18T13:15:04","guid":{"rendered":"https:\/\/oystersexperience.pt\/home\/"},"modified":"2023-06-02T15:45:05","modified_gmt":"2023-06-02T14:45:05","slug":"home","status":"publish","type":"page","link":"https:\/\/oystersexperience.pt\/fr\/","title":{"rendered":"Home"},"content":{"rendered":"<div class=\"wpb-content-wrapper\"><p>[vc_row full_width=\u00a0\u00bbstretch_row_content_no_spaces\u00a0\u00bb content_placement=\u00a0\u00bbmiddle\u00a0\u00bb css=\u00a0\u00bb.vc_custom_1681758359370{margin-top: 30px !important;margin-bottom: 0px !important;background-position: 0 0 !important;background-repeat: repeat !important;}\u00a0\u00bb conditional_render=\u00a0\u00bb%5B%7B%22value_role%22%3A%22administrator%22%7D%5D\u00a0\u00bb][vc_column width=\u00a0\u00bb1\/2&Prime; css=\u00a0\u00bb.vc_custom_1650463593024{padding-top: 275px !important;padding-bottom: 275px !important;background-image: url(https:\/\/oystersexperience.pt\/wp-content\/uploads\/2022\/04\/teste-1.jpg?id=28) !important;background-position: center !important;background-repeat: no-repeat !important;background-size: cover !important;}\u00a0\u00bb][\/vc_column][vc_column width=\u00a0\u00bb1\/2&Prime; css=\u00a0\u00bb.vc_custom_1650463770639{border-top-width: 40px !important;border-right-width: 40px !important;border-bottom-width: 40px !important;border-left-width: 40px !important;padding-top: 40px !important;padding-bottom: 40px !important;background-position: 0 0 !important;background-repeat: repeat !important;border-left-color: #eaeaea !important;border-left-style: solid !important;border-right-color: #eaeaea !important;border-right-style: solid !important;border-top-color: #eaeaea !important;border-top-style: solid !important;border-bottom-color: #eaeaea !important;border-bottom-style: solid !important;}\u00a0\u00bb][vc_column_text css=\u00a0\u00bb.vc_custom_1685716335810{margin-bottom: 40px !important;padding-right: 25px !important;padding-left: 25px !important;}\u00a0\u00bb]<\/p>\n<h1 style=\"text-align: center;\">Saviez-vous que Hu\u00eetres Joyeuses<br \/>\n<strong>ne produisent pas de perles ?<\/strong><\/h1>\n<p style=\"text-align: center;\">Les perles se forment lorsqu&rsquo;un grain de sable envahit l&rsquo;hu\u00eetre et que celle-ci, sous l&rsquo;effet de la douleur, cristallise l&rsquo;envahisseur dans un acte d&rsquo;autod\u00e9fense. Les hu\u00eetres heureuses sont celles qui poussent sainement, comme les n\u00f4tres.<\/p>\n<p>[\/vc_column_text]<div class=\"porto-btn-ctn-center \"><a class=\"porto-btn porto-adjust-bottom-margin porto-btn-custom porto-btn-fade-bg   wpb_custom_c90efcc07e846f13bbb773f2c5176450  porto-btn-center \" title='Notre Histoire' rel='' href = \"https:\/\/oystersexperience.pt\/fr\/notre-histoire\/#saviez-vous-que\"  data-hover=\"#ffffff\" data-border-color=\"\" data-bg=\"#000000\" data-hover-bg=\"#828282\" data-border-hover=\"\" data-shadow-click=\"none\" data-shadow=\"\" style=\"padding:10px 40px;border:none;background: #000000;color: #ffffff;\"><span class=\"porto-btn-hover\" style=\"background-color:#828282\"><\/span><span class=\"porto-btn-data porto-btn-text \" >SAVOIR PLUS<\/span><\/a><\/div>[\/vc_column][\/vc_row][vc_row full_width=\u00a0\u00bbstretch_row_content_no_spaces\u00a0\u00bb content_placement=\u00a0\u00bbmiddle\u00a0\u00bb css=\u00a0\u00bb.vc_custom_1651007593190{background-position: 0 0 !important;background-repeat: repeat !important;}\u00a0\u00bb el_class=\u00a0\u00bbswap-on-mobile\u00a0\u00bb][vc_column width=\u00a0\u00bb1\/2&Prime; css=\u00a0\u00bb.vc_custom_1650463785892{border-top-width: 40px !important;border-right-width: 40px !important;border-bottom-width: 40px !important;border-left-width: 40px !important;padding-top: 40px !important;padding-bottom: 40px !important;border-left-color: #eaeaea !important;border-left-style: solid !important;border-right-color: #eaeaea !important;border-right-style: solid !important;border-top-color: #eaeaea !important;border-top-style: solid !important;border-bottom-color: #eaeaea !important;border-bottom-style: solid !important;}\u00a0\u00bb][vc_column_text css=\u00a0\u00bb.vc_custom_1685716388319{padding-right: 25px !important;padding-left: 25px !important;}\u00a0\u00bb]<\/p>\n<h1 style=\"text-align: center;\">Vous organisez un \u00e9v\u00e9nement et vous<br \/>\n<strong>recherchez une nouvelle exp\u00e9rience ?<\/strong><\/h1>\n<p>[\/vc_column_text]<div class=\"porto-btn-ctn-center \"><a class=\"porto-btn porto-adjust-bottom-margin porto-btn-custom porto-btn-fade-bg   wpb_custom_c90efcc07e846f13bbb773f2c5176450  porto-btn-center \" title='Contacts' rel='' href = \"https:\/\/oystersexperience.pt\/fr\/contacts\/\"  data-hover=\"#ffffff\" data-border-color=\"\" data-bg=\"#000000\" data-hover-bg=\"#828282\" data-border-hover=\"\" data-shadow-click=\"none\" data-shadow=\"\" style=\"padding:10px 40px;border:none;background: #000000;color: #ffffff;\"><span class=\"porto-btn-hover\" style=\"background-color:#828282\"><\/span><span class=\"porto-btn-data porto-btn-text \" >CONTACTEZ NOUS<\/span><\/a><\/div>[\/vc_column][vc_column width=\u00a0\u00bb1\/2&Prime; css=\u00a0\u00bb.vc_custom_1650463634882{padding-top: 275px !important;padding-bottom: 275px !important;background-image: url(https:\/\/oystersexperience.pt\/wp-content\/uploads\/2022\/04\/Procura-uma-nova-experiencia.jpg?id=236) !important;background-position: center !important;background-repeat: no-repeat !important;background-size: cover !important;}\u00a0\u00bb][\/vc_column][\/vc_row][vc_row css=\u00a0\u00bb.vc_custom_1681758330791{margin-top: 50px !important;}\u00a0\u00bb conditional_render=\u00a0\u00bb%5B%7B%22value_role%22%3A%22administrator%22%7D%5D\u00a0\u00bb][vc_column][vc_column_text]<\/p>\n<p style=\"text-align: center;\"><span style=\"font-size: 20px;\">Calendrier des \u00c9v\u00e9nements 2023<\/span><\/p>\n<p>[\/vc_column_text]<div class=\"porto-block\" data-id=\"944\"><style>.vc_custom_1682079583780{padding-top: 50px !important;padding-right: 25px !important;padding-bottom: 50px !important;padding-left: 25px !important;background-color: #0a0a0a !important;}.vc_custom_1715778577981{padding-top: 50px !important;padding-right: 25px !important;padding-bottom: 50px !important;padding-left: 25px !important;background-color: #0a0a0a !important;}.vc_custom_1715778521042{padding-top: 50px !important;padding-right: 25px !important;padding-bottom: 50px !important;padding-left: 25px !important;background-color: #0a0a0a !important;}.vc_custom_1715778514385{padding-top: 50px !important;padding-right: 25px !important;padding-bottom: 50px !important;padding-left: 25px !important;background-color: #0a0a0a !important;}.wpb_custom_834e61c4a29455929470fdd868571ceb.porto-sicon-box.top-icon{text-align: center;}.wpb_custom_834e61c4a29455929470fdd868571ceb .porto-sicon-title{font-size:18px;color: #dbdbdb;}.wpb_custom_834e61c4a29455929470fdd868571ceb .porto-sicon-header p{font-weight:700;font-size:30px;line-height:1.1;}.eventos {min-height: 250px; display: flex; flex-wrap: wrap; align-content: center;}<\/style>[vc_row wrap_container=\"yes\" disable_element=\"yes\" conditional_render=\"%5B%7B%22value_role%22%3A%22administrator%22%7D%5D\"][vc_column width=\"1\/2\" offset=\"vc_col-xl-3 vc_col-lg-3 vc_col-md-6 vc_col-xs-12\" conditional_render=\"%5B%7B%22value_role%22%3A%22administrator%22%7D%5D\"]<div class=\"porto-sicon-box  vc_custom_1682079583780 eventos  wpb_custom_834e61c4a29455929470fdd868571ceb style_1 top-icon\"><div class=\"porto-sicon-header\"><h3 class=\"porto-sicon-title\" style=\"\">04 a 07 de Maio<\/h3><p style=\"color:#ffffff;\">Feira Medieval de Lagos<\/p><\/div> <!-- header --><\/div><!-- porto-sicon-box -->[\/vc_column][vc_column width=\"1\/2\" offset=\"vc_col-xl-3 vc_col-lg-3 vc_col-md-6 vc_col-xs-12\" conditional_render=\"%5B%7B%22value_role%22%3A%22administrator%22%7D%5D\"][\/vc_column][vc_column width=\"1\/2\" offset=\"vc_col-xl-3 vc_col-lg-3 vc_col-md-6 vc_col-xs-12\" conditional_render=\"%5B%7B%22value_role%22%3A%22administrator%22%7D%5D\"][\/vc_column][vc_column width=\"1\/2\" offset=\"vc_col-xl-3 vc_col-lg-3 vc_col-md-6 vc_col-xs-12\" conditional_render=\"%5B%7B%22value_role%22%3A%22administrator%22%7D%5D\"][\/vc_column][\/vc_row][vc_row][vc_column width=\"1\/3\"]<div class=\"porto-sicon-box  vc_custom_1715778577981 eventos  wpb_custom_834e61c4a29455929470fdd868571ceb style_1 top-icon\"><div class=\"porto-sicon-header\"><h3 class=\"porto-sicon-title\" style=\"\">11, 12, 13 e 14 de Julho 2024<\/h3><p style=\"color:#ffffff;\">Lagos Food Fest<\/p><\/div> <!-- header --><\/div><!-- porto-sicon-box -->[\/vc_column][vc_column width=\"1\/3\"]<div class=\"porto-sicon-box  vc_custom_1715778521042 eventos  wpb_custom_834e61c4a29455929470fdd868571ceb style_1 top-icon\"><div class=\"porto-sicon-header\"><h3 class=\"porto-sicon-title\" style=\"\">03 e 04 de Agosto 2024<\/h3><p style=\"color:#ffffff;\">Festa da Salema 2024<\/p><\/div> <!-- header --><\/div><!-- porto-sicon-box -->[\/vc_column][vc_column width=\"1\/3\"]<div class=\"porto-sicon-box  vc_custom_1715778514385 eventos  wpb_custom_834e61c4a29455929470fdd868571ceb style_1 top-icon\"><div class=\"porto-sicon-header\"><h3 class=\"porto-sicon-title\" style=\"\">29 de Agosto 2024<\/h3><p style=\"color:#ffffff;\">Banho 29 Praia da Luz<\/p><\/div> <!-- header --><\/div><!-- porto-sicon-box -->[\/vc_column][\/vc_row]<\/div>[\/vc_column][\/vc_row]<\/p>\n<\/div>","protected":false},"excerpt":{"rendered":"<p>[vc_row full_width=\u00a0\u00bbstretch_row_content_no_spaces\u00a0\u00bb content_placement=\u00a0\u00bbmiddle\u00a0\u00bb css=\u00a0\u00bb.vc_custom_1681758359370{margin-top: 30px !important;margin-bottom: 0px !important;background-position: 0 0 !important;background-repeat: repeat !important;}\u00a0\u00bb conditional_render=\u00a0\u00bb%5B%7B%22value_role%22%3A%22administrator%22%7D%5D\u00a0\u00bb][vc_column width=\u00a0\u00bb1\/2&Prime; css=\u00a0\u00bb.vc_custom_1650463593024{padding-top: 275px !important;padding-bottom: 275px !important;background-image: url(https:\/\/oystersexperience.pt\/wp-content\/uploads\/2022\/04\/teste-1.jpg?id=28) !important;background-position: center !important;background-repeat: no-repeat !important;background-size: cover !important;}\u00a0\u00bb][\/vc_column][vc_column width=\u00a0\u00bb1\/2&Prime; css=\u00a0\u00bb.vc_custom_1650463770639{border-top-width: 40px !important;border-right-width: 40px !important;border-bottom-width: 40px !important;border-left-width: 40px !important;padding-top: 40px !important;padding-bottom: 40px !important;background-position: 0 0 !important;background-repeat: repeat !important;border-left-color: #eaeaea !important;border-left-style: solid !important;border-right-color: #eaeaea !important;border-right-style: solid !important;border-top-color: [&hellip;]<\/p>\n","protected":false},"author":1,"featured_media":1454,"parent":0,"menu_order":0,"comment_status":"closed","ping_status":"closed","template":"","meta":{"footnotes":""},"class_list":["post-1467","page","type-page","status-publish","has-post-thumbnail","hentry"],"yoast_head":"<!-- This site is optimized with the Yoast SEO plugin v26.2 - https:\/\/yoast.com\/wordpress\/plugins\/seo\/ -->\n<title>Home - Oysters Experience<\/title>\n<meta name=\"robots\" content=\"index, follow, max-snippet:-1, max-image-preview:large, max-video-preview:-1\" \/>\n<link rel=\"canonical\" href=\"https:\/\/oystersexperience.pt\/fr\/\" \/>\n<meta property=\"og:locale\" content=\"fr_FR\" \/>\n<meta property=\"og:type\" content=\"article\" \/>\n<meta property=\"og:title\" content=\"Home - Oysters Experience\" \/>\n<meta property=\"og:description\" content=\"[vc_row full_width=\u00a0\u00bbstretch_row_content_no_spaces\u00a0\u00bb content_placement=\u00a0\u00bbmiddle\u00a0\u00bb css=\u00a0\u00bb.vc_custom_1681758359370{margin-top: 30px !important;margin-bottom: 0px !important;background-position: 0 0 !important;background-repeat: repeat !important;}\u00a0\u00bb conditional_render=\u00a0\u00bb%5B%7B%22value_role%22%3A%22administrator%22%7D%5D\u00a0\u00bb][vc_column width=\u00a0\u00bb1\/2&Prime; css=\u00a0\u00bb.vc_custom_1650463593024{padding-top: 275px !important;padding-bottom: 275px !important;background-image: url(https:\/\/oystersexperience.pt\/wp-content\/uploads\/2022\/04\/teste-1.jpg?id=28) !important;background-position: center !important;background-repeat: no-repeat !important;background-size: cover !important;}\u00a0\u00bb][\/vc_column][vc_column width=\u00a0\u00bb1\/2&Prime; css=\u00a0\u00bb.vc_custom_1650463770639{border-top-width: 40px !important;border-right-width: 40px !important;border-bottom-width: 40px !important;border-left-width: 40px !important;padding-top: 40px !important;padding-bottom: 40px !important;background-position: 0 0 !important;background-repeat: repeat !important;border-left-color: #eaeaea !important;border-left-style: solid !important;border-right-color: #eaeaea !important;border-right-style: solid !important;border-top-color: [&hellip;]\" \/>\n<meta property=\"og:url\" content=\"https:\/\/oystersexperience.pt\/fr\/\" \/>\n<meta property=\"og:site_name\" content=\"Oysters Experience\" \/>\n<meta property=\"article:publisher\" content=\"https:\/\/www.facebook.com\/OystersExperience\" \/>\n<meta property=\"article:modified_time\" content=\"2023-06-02T14:45:05+00:00\" \/>\n<meta property=\"og:image\" content=\"https:\/\/oystersexperience.pt\/wp-content\/uploads\/2023\/06\/Oysters-Experience-09.jpg\" \/>\n\t<meta property=\"og:image:width\" content=\"800\" \/>\n\t<meta property=\"og:image:height\" content=\"533\" \/>\n\t<meta property=\"og:image:type\" content=\"image\/jpeg\" \/>\n<meta name=\"twitter:card\" content=\"summary_large_image\" \/>\n<meta name=\"twitter:label1\" content=\"Dur\u00e9e de lecture estim\u00e9e\" \/>\n\t<meta name=\"twitter:data1\" content=\"3 minutes\" \/>\n<script type=\"application\/ld+json\" class=\"yoast-schema-graph\">{\"@context\":\"https:\/\/schema.org\",\"@graph\":[{\"@type\":\"WebPage\",\"@id\":\"https:\/\/oystersexperience.pt\/fr\/\",\"url\":\"https:\/\/oystersexperience.pt\/fr\/\",\"name\":\"Home - Oysters Experience\",\"isPartOf\":{\"@id\":\"https:\/\/oystersexperience.pt\/#website\"},\"primaryImageOfPage\":{\"@id\":\"https:\/\/oystersexperience.pt\/fr\/#primaryimage\"},\"image\":{\"@id\":\"https:\/\/oystersexperience.pt\/fr\/#primaryimage\"},\"thumbnailUrl\":\"https:\/\/oystersexperience.pt\/wp-content\/uploads\/2023\/06\/Oysters-Experience-09.jpg\",\"datePublished\":\"2022-04-18T13:15:04+00:00\",\"dateModified\":\"2023-06-02T14:45:05+00:00\",\"breadcrumb\":{\"@id\":\"https:\/\/oystersexperience.pt\/fr\/#breadcrumb\"},\"inLanguage\":\"fr-FR\",\"potentialAction\":[{\"@type\":\"ReadAction\",\"target\":[\"https:\/\/oystersexperience.pt\/fr\/\"]}]},{\"@type\":\"ImageObject\",\"inLanguage\":\"fr-FR\",\"@id\":\"https:\/\/oystersexperience.pt\/fr\/#primaryimage\",\"url\":\"https:\/\/oystersexperience.pt\/wp-content\/uploads\/2023\/06\/Oysters-Experience-09.jpg\",\"contentUrl\":\"https:\/\/oystersexperience.pt\/wp-content\/uploads\/2023\/06\/Oysters-Experience-09.jpg\",\"width\":800,\"height\":533,\"caption\":\"Oysters Experience - Ostras Felizes\"},{\"@type\":\"BreadcrumbList\",\"@id\":\"https:\/\/oystersexperience.pt\/fr\/#breadcrumb\",\"itemListElement\":[{\"@type\":\"ListItem\",\"position\":1,\"name\":\"In\u00edcio\",\"item\":\"https:\/\/oystersexperience.pt\/fr\/\"},{\"@type\":\"ListItem\",\"position\":2,\"name\":\"Home\"}]},{\"@type\":\"WebSite\",\"@id\":\"https:\/\/oystersexperience.pt\/#website\",\"url\":\"https:\/\/oystersexperience.pt\/\",\"name\":\"Oysters Experience\",\"description\":\"Somos produtores de Ostras Felizes\",\"publisher\":{\"@id\":\"https:\/\/oystersexperience.pt\/#organization\"},\"potentialAction\":[{\"@type\":\"SearchAction\",\"target\":{\"@type\":\"EntryPoint\",\"urlTemplate\":\"https:\/\/oystersexperience.pt\/?s={search_term_string}\"},\"query-input\":{\"@type\":\"PropertyValueSpecification\",\"valueRequired\":true,\"valueName\":\"search_term_string\"}}],\"inLanguage\":\"fr-FR\"},{\"@type\":\"Organization\",\"@id\":\"https:\/\/oystersexperience.pt\/#organization\",\"name\":\"Oysters Experience\",\"url\":\"https:\/\/oystersexperience.pt\/\",\"logo\":{\"@type\":\"ImageObject\",\"inLanguage\":\"fr-FR\",\"@id\":\"https:\/\/oystersexperience.pt\/#\/schema\/logo\/image\/\",\"url\":\"https:\/\/oystersexperience.pt\/wp-content\/uploads\/2022\/04\/logo-maintenance.png\",\"contentUrl\":\"https:\/\/oystersexperience.pt\/wp-content\/uploads\/2022\/04\/logo-maintenance.png\",\"width\":401,\"height\":208,\"caption\":\"Oysters Experience\"},\"image\":{\"@id\":\"https:\/\/oystersexperience.pt\/#\/schema\/logo\/image\/\"},\"sameAs\":[\"https:\/\/www.facebook.com\/OystersExperience\",\"https:\/\/www.instagram.com\/oysters.experience\/\"]}]}<\/script>\n<!-- \/ Yoast SEO plugin. -->","yoast_head_json":{"title":"Home - Oysters Experience","robots":{"index":"index","follow":"follow","max-snippet":"max-snippet:-1","max-image-preview":"max-image-preview:large","max-video-preview":"max-video-preview:-1"},"canonical":"https:\/\/oystersexperience.pt\/fr\/","og_locale":"fr_FR","og_type":"article","og_title":"Home - Oysters Experience","og_description":"[vc_row full_width=\u00a0\u00bbstretch_row_content_no_spaces\u00a0\u00bb content_placement=\u00a0\u00bbmiddle\u00a0\u00bb css=\u00a0\u00bb.vc_custom_1681758359370{margin-top: 30px !important;margin-bottom: 0px !important;background-position: 0 0 !important;background-repeat: repeat !important;}\u00a0\u00bb conditional_render=\u00a0\u00bb%5B%7B%22value_role%22%3A%22administrator%22%7D%5D\u00a0\u00bb][vc_column width=\u00a0\u00bb1\/2&Prime; css=\u00a0\u00bb.vc_custom_1650463593024{padding-top: 275px !important;padding-bottom: 275px !important;background-image: url(https:\/\/oystersexperience.pt\/wp-content\/uploads\/2022\/04\/teste-1.jpg?id=28) !important;background-position: center !important;background-repeat: no-repeat !important;background-size: cover !important;}\u00a0\u00bb][\/vc_column][vc_column width=\u00a0\u00bb1\/2&Prime; css=\u00a0\u00bb.vc_custom_1650463770639{border-top-width: 40px !important;border-right-width: 40px !important;border-bottom-width: 40px !important;border-left-width: 40px !important;padding-top: 40px !important;padding-bottom: 40px !important;background-position: 0 0 !important;background-repeat: repeat !important;border-left-color: #eaeaea !important;border-left-style: solid !important;border-right-color: #eaeaea !important;border-right-style: solid !important;border-top-color: [&hellip;]","og_url":"https:\/\/oystersexperience.pt\/fr\/","og_site_name":"Oysters Experience","article_publisher":"https:\/\/www.facebook.com\/OystersExperience","article_modified_time":"2023-06-02T14:45:05+00:00","og_image":[{"width":800,"height":533,"url":"https:\/\/oystersexperience.pt\/wp-content\/uploads\/2023\/06\/Oysters-Experience-09.jpg","type":"image\/jpeg"}],"twitter_card":"summary_large_image","twitter_misc":{"Dur\u00e9e de lecture estim\u00e9e":"3 minutes"},"schema":{"@context":"https:\/\/schema.org","@graph":[{"@type":"WebPage","@id":"https:\/\/oystersexperience.pt\/fr\/","url":"https:\/\/oystersexperience.pt\/fr\/","name":"Home - Oysters Experience","isPartOf":{"@id":"https:\/\/oystersexperience.pt\/#website"},"primaryImageOfPage":{"@id":"https:\/\/oystersexperience.pt\/fr\/#primaryimage"},"image":{"@id":"https:\/\/oystersexperience.pt\/fr\/#primaryimage"},"thumbnailUrl":"https:\/\/oystersexperience.pt\/wp-content\/uploads\/2023\/06\/Oysters-Experience-09.jpg","datePublished":"2022-04-18T13:15:04+00:00","dateModified":"2023-06-02T14:45:05+00:00","breadcrumb":{"@id":"https:\/\/oystersexperience.pt\/fr\/#breadcrumb"},"inLanguage":"fr-FR","potentialAction":[{"@type":"ReadAction","target":["https:\/\/oystersexperience.pt\/fr\/"]}]},{"@type":"ImageObject","inLanguage":"fr-FR","@id":"https:\/\/oystersexperience.pt\/fr\/#primaryimage","url":"https:\/\/oystersexperience.pt\/wp-content\/uploads\/2023\/06\/Oysters-Experience-09.jpg","contentUrl":"https:\/\/oystersexperience.pt\/wp-content\/uploads\/2023\/06\/Oysters-Experience-09.jpg","width":800,"height":533,"caption":"Oysters Experience - Ostras Felizes"},{"@type":"BreadcrumbList","@id":"https:\/\/oystersexperience.pt\/fr\/#breadcrumb","itemListElement":[{"@type":"ListItem","position":1,"name":"In\u00edcio","item":"https:\/\/oystersexperience.pt\/fr\/"},{"@type":"ListItem","position":2,"name":"Home"}]},{"@type":"WebSite","@id":"https:\/\/oystersexperience.pt\/#website","url":"https:\/\/oystersexperience.pt\/","name":"Oysters Experience","description":"Somos produtores de Ostras Felizes","publisher":{"@id":"https:\/\/oystersexperience.pt\/#organization"},"potentialAction":[{"@type":"SearchAction","target":{"@type":"EntryPoint","urlTemplate":"https:\/\/oystersexperience.pt\/?s={search_term_string}"},"query-input":{"@type":"PropertyValueSpecification","valueRequired":true,"valueName":"search_term_string"}}],"inLanguage":"fr-FR"},{"@type":"Organization","@id":"https:\/\/oystersexperience.pt\/#organization","name":"Oysters Experience","url":"https:\/\/oystersexperience.pt\/","logo":{"@type":"ImageObject","inLanguage":"fr-FR","@id":"https:\/\/oystersexperience.pt\/#\/schema\/logo\/image\/","url":"https:\/\/oystersexperience.pt\/wp-content\/uploads\/2022\/04\/logo-maintenance.png","contentUrl":"https:\/\/oystersexperience.pt\/wp-content\/uploads\/2022\/04\/logo-maintenance.png","width":401,"height":208,"caption":"Oysters Experience"},"image":{"@id":"https:\/\/oystersexperience.pt\/#\/schema\/logo\/image\/"},"sameAs":["https:\/\/www.facebook.com\/OystersExperience","https:\/\/www.instagram.com\/oysters.experience\/"]}]}},"_links":{"self":[{"href":"https:\/\/oystersexperience.pt\/fr\/wp-json\/wp\/v2\/pages\/1467","targetHints":{"allow":["GET"]}}],"collection":[{"href":"https:\/\/oystersexperience.pt\/fr\/wp-json\/wp\/v2\/pages"}],"about":[{"href":"https:\/\/oystersexperience.pt\/fr\/wp-json\/wp\/v2\/types\/page"}],"author":[{"embeddable":true,"href":"https:\/\/oystersexperience.pt\/fr\/wp-json\/wp\/v2\/users\/1"}],"replies":[{"embeddable":true,"href":"https:\/\/oystersexperience.pt\/fr\/wp-json\/wp\/v2\/comments?post=1467"}],"version-history":[{"count":0,"href":"https:\/\/oystersexperience.pt\/fr\/wp-json\/wp\/v2\/pages\/1467\/revisions"}],"wp:featuredmedia":[{"embeddable":true,"href":"https:\/\/oystersexperience.pt\/fr\/wp-json\/wp\/v2\/media\/1454"}],"wp:attachment":[{"href":"https:\/\/oystersexperience.pt\/fr\/wp-json\/wp\/v2\/media?parent=1467"}],"curies":[{"name":"wp","href":"https:\/\/api.w.org\/{rel}","templated":true}]}}